{"id":487,"date":"2024-05-24T13:43:04","date_gmt":"2024-05-24T13:43:04","guid":{"rendered":"https:\/\/idadev.ca\/?page_id=487"},"modified":"2025-04-10T13:15:46","modified_gmt":"2025-04-10T13:15:46","slug":"projets-commerciaux","status":"publish","type":"page","link":"https:\/\/idadev.ca\/en\/projets-commerciaux\/","title":{"rendered":"Commercial Projects"},"content":{"rendered":"<div data-elementor-type=\"wp-page\" data-elementor-id=\"487\" class=\"elementor elementor-487\" data-elementor-post-type=\"page\">\n\t\t\t\t<div class=\"elementor-element elementor-element-e67f9c3 e-con-full e-flex e-con e-parent\" data-id=\"e67f9c3\" data-element_type=\"container\" data-settings=\"{&quot;background_background&quot;:&quot;slideshow&quot;,&quot;background_slideshow_gallery&quot;:[{&quot;id&quot;:492,&quot;url&quot;:&quot;https:\\\/\\\/idadev.ca\\\/wp-content\\\/uploads\\\/2024\\\/05\\\/bg_commercial.webp&quot;}],&quot;background_slideshow_slide_duration&quot;:3000,&quot;background_slideshow_ken_burns&quot;:&quot;yes&quot;,&quot;background_slideshow_ken_burns_zoom_direction&quot;:&quot;out&quot;,&quot;background_slideshow_loop&quot;:&quot;yes&quot;,&quot;background_slideshow_slide_transition&quot;:&quot;fade&quot;,&quot;background_slideshow_transition_duration&quot;:500}\">\n\t\t<div class=\"elementor-element elementor-element-464c4e4 e-flex e-con-boxed e-con e-child\" data-id=\"464c4e4\" data-element_type=\"container\">\n\t\t\t\t\t<div class=\"e-con-inner\">\n\t\t\t\t<div class=\"elementor-element elementor-element-058cc74 elementor-widget elementor-widget-heading\" data-id=\"058cc74\" data-element_type=\"widget\" data-widget_type=\"heading.default\">\n\t\t\t\t<div class=\"elementor-widget-container\">\n\t\t\t\t\t<h1 class=\"elementor-heading-title elementor-size-default\">Our Commercial Projects<\/h1>\t\t\t\t<\/div>\n\t\t\t\t<\/div>\n\t\t\t\t\t<\/div>\n\t\t\t\t<\/div>\n\t\t\t\t<\/div>\n\t\t<div class=\"elementor-element elementor-element-77d818a e-con-full e-flex e-con e-parent\" data-id=\"77d818a\" data-element_type=\"container\" data-settings=\"{&quot;background_background&quot;:&quot;classic&quot;}\">\n\t\t<div class=\"elementor-element elementor-element-4600d46 e-con-full e-flex e-con e-child\" data-id=\"4600d46\" data-element_type=\"container\">\n\t\t\t\t<div class=\"elementor-element elementor-element-35562e0 premium-floating-effects-yes elementor-widget elementor-widget-image\" data-id=\"35562e0\" data-element_type=\"widget\" data-settings=\"{&quot;motion_fx_motion_fx_scrolling&quot;:&quot;yes&quot;,&quot;motion_fx_translateY_effect&quot;:&quot;yes&quot;,&quot;motion_fx_translateY_direction&quot;:&quot;negative&quot;,&quot;motion_fx_translateY_speed&quot;:{&quot;unit&quot;:&quot;px&quot;,&quot;size&quot;:2,&quot;sizes&quot;:[]},&quot;motion_fx_translateY_affectedRange&quot;:{&quot;unit&quot;:&quot;%&quot;,&quot;size&quot;:&quot;&quot;,&quot;sizes&quot;:{&quot;start&quot;:17,&quot;end&quot;:84}},&quot;motion_fx_scale_effect&quot;:&quot;yes&quot;,&quot;motion_fx_scale_speed&quot;:{&quot;unit&quot;:&quot;px&quot;,&quot;size&quot;:1,&quot;sizes&quot;:[]},&quot;premium_fe_direction&quot;:&quot;alternate&quot;,&quot;premium_fe_loop&quot;:&quot;default&quot;,&quot;premium_fe_easing&quot;:&quot;easeInOutSine&quot;,&quot;motion_fx_scale_direction&quot;:&quot;out-in&quot;,&quot;motion_fx_scale_range&quot;:{&quot;unit&quot;:&quot;%&quot;,&quot;size&quot;:&quot;&quot;,&quot;sizes&quot;:{&quot;start&quot;:20,&quot;end&quot;:80}},&quot;motion_fx_devices&quot;:[&quot;desktop&quot;,&quot;tablet&quot;,&quot;mobile&quot;]}\" data-widget_type=\"image.default\">\n\t\t\t\t<div class=\"elementor-widget-container\">\n\t\t\t\t\t\t\t\t\t\t\t\t\t\t\t<img fetchpriority=\"high\" decoding=\"async\" width=\"1920\" height=\"1458\" src=\"https:\/\/idadev.ca\/wp-content\/uploads\/2024\/05\/locaux_locatif_commerciaux.webp\" class=\"attachment-full size-full wp-image-496\" alt=\"r\u00e9alisation commerciale - IDA D\u00e9veloppement\" srcset=\"https:\/\/idadev.ca\/wp-content\/uploads\/2024\/05\/locaux_locatif_commerciaux.webp 1920w, https:\/\/idadev.ca\/wp-content\/uploads\/2024\/05\/locaux_locatif_commerciaux-300x228.webp 300w, https:\/\/idadev.ca\/wp-content\/uploads\/2024\/05\/locaux_locatif_commerciaux-1024x778.webp 1024w, https:\/\/idadev.ca\/wp-content\/uploads\/2024\/05\/locaux_locatif_commerciaux-768x583.webp 768w, https:\/\/idadev.ca\/wp-content\/uploads\/2024\/05\/locaux_locatif_commerciaux-1536x1166.webp 1536w\" sizes=\"(max-width: 1920px) 100vw, 1920px\" \/>\t\t\t\t\t\t\t\t\t\t\t\t\t\t\t<\/div>\n\t\t\t\t<\/div>\n\t\t\t\t<\/div>\n\t\t<div class=\"elementor-element elementor-element-fdfbbf1 e-con-full e-flex e-con e-child\" data-id=\"fdfbbf1\" data-element_type=\"container\">\n\t\t\t\t<div class=\"elementor-element elementor-element-b7b2e1c elementor-tablet-align-left elementor-mobile-align-center elementor-align-left elementor-widget elementor-widget-raven-heading\" data-id=\"b7b2e1c\" data-element_type=\"widget\" data-widget_type=\"raven-heading.default\">\n\t\t\t\t<div class=\"elementor-widget-container\">\n\t\t\t\t\t\t\t<div class=\"raven-widget-wrapper\"><h2 class=\"raven-heading raven-heading-h2\"><span class=\"raven-heading-title\">Concrete<\/span><\/h2><\/div>\r\n\t\t\t\t\t\t<\/div>\n\t\t\t\t<\/div>\n\t\t\t\t<div class=\"elementor-element elementor-element-00f06c1 elementor-tablet-align-left elementor-mobile-align-center elementor-align-left elementor-widget elementor-widget-raven-heading\" data-id=\"00f06c1\" data-element_type=\"widget\" data-widget_type=\"raven-heading.default\">\n\t\t\t\t<div class=\"elementor-widget-container\">\n\t\t\t\t\t\t\t<div class=\"raven-widget-wrapper\"><h3 class=\"raven-heading raven-heading-h3\"><span class=\"raven-heading-title\"><span class=\"raven-heading-title-inner elementor-inline-editing\" data-text=\"dans le concret\" data-elementor-setting-key=\"title\">Innovation<\/span><\/span><\/h3><\/div>\r\n\t\t\t\t\t\t<\/div>\n\t\t\t\t<\/div>\n\t\t\t\t<div class=\"elementor-element elementor-element-45f197d elementor-widget elementor-widget-text-editor\" data-id=\"45f197d\" data-element_type=\"widget\" data-widget_type=\"text-editor.default\">\n\t\t\t\t<div class=\"elementor-widget-container\">\n\t\t\t\t\t\t\t\t\t<p>At IDA Development, we redefine innovation within commercial spaces. Every project presents an opportunity to blend refined aesthetics with thoughtful functionality, transforming each area into a practical work of art that inspires and enhances the work environment.&nbsp;<\/p>\t\t\t\t\t\t\t\t<\/div>\n\t\t\t\t<\/div>\n\t\t\t\t<\/div>\n\t\t\t\t<\/div>\n\t\t<div class=\"elementor-element elementor-element-3dc06fd e-flex e-con-boxed e-con e-parent\" data-id=\"3dc06fd\" data-element_type=\"container\" data-settings=\"{&quot;background_background&quot;:&quot;classic&quot;}\">\n\t\t\t\t\t<div class=\"e-con-inner\">\n\t\t<div class=\"elementor-element elementor-element-a105f85 e-con-full e-flex e-con e-child\" data-id=\"a105f85\" data-element_type=\"container\">\n\t\t<div class=\"elementor-element elementor-element-02deab3 e-con-full e-flex e-con e-child\" data-id=\"02deab3\" data-element_type=\"container\">\n\t\t<div class=\"elementor-element elementor-element-5d3605f e-con-full e-flex e-con e-child\" data-id=\"5d3605f\" data-element_type=\"container\">\n\t\t\t\t<div class=\"elementor-element elementor-element-08933ca elementor-tablet-align-left elementor-mobile-align-center elementor-align-left elementor-widget elementor-widget-raven-heading\" data-id=\"08933ca\" data-element_type=\"widget\" data-widget_type=\"raven-heading.default\">\n\t\t\t\t<div class=\"elementor-widget-container\">\n\t\t\t\t\t\t\t<div class=\"raven-widget-wrapper\"><h2 class=\"raven-heading raven-heading-h2\"><span class=\"raven-heading-title\"><span class=\"raven-heading-title-inner elementor-inline-editing\" data-text=\"En cours\u2026\" data-elementor-setting-key=\"title\">Coming soon...<\/span><\/span><\/h2><\/div>\r\n\t\t\t\t\t\t<\/div>\n\t\t\t\t<\/div>\n\t\t<div class=\"elementor-element elementor-element-553f6e0 e-con-full e-flex e-con e-child\" data-id=\"553f6e0\" data-element_type=\"container\">\n\t\t<div class=\"elementor-element elementor-element-1afa8a8 e-con-full e-flex e-con e-child\" data-id=\"1afa8a8\" data-element_type=\"container\">\n\t\t\t\t<div class=\"elementor-element elementor-element-9a5983a raven-flip-box--effect-flip raven-flip-box--direction-up elementor-invisible elementor-widget elementor-widget-raven-flip-box\" data-id=\"9a5983a\" data-element_type=\"widget\" data-settings=\"{&quot;_animation&quot;:&quot;fadeInLeft&quot;}\" data-widget_type=\"raven-flip-box.default\">\n\t\t\t\t<div class=\"elementor-widget-container\">\n\t\t\t\t\t\t\t<div class=\"raven-flip-box\">\r\n\t\t\t\t\t<div class=\"raven-flip-box__layer raven-flip-box__front\">\r\n\t\t\t<div class=\"raven-flip-box__layer__overlay\">\r\n\t\t\t\t<div class=\"raven-flip-box__layer__inner\">\r\n\t\t\t\t\t\t\t\t\t\t\t<div class=\"raven-flip-box__image\">\r\n\t\t\t\t\t\t\t<img decoding=\"async\" width=\"837\" height=\"429\" src=\"https:\/\/idadev.ca\/wp-content\/uploads\/2024\/07\/cisssmo-1.webp\" class=\"attachment-full size-full wp-image-644\" alt=\"Cisss De La Mont\u00e9r\u00e9gie-Ouest\" srcset=\"https:\/\/idadev.ca\/wp-content\/uploads\/2024\/07\/cisssmo-1.webp 837w, https:\/\/idadev.ca\/wp-content\/uploads\/2024\/07\/cisssmo-1-300x154.webp 300w, https:\/\/idadev.ca\/wp-content\/uploads\/2024\/07\/cisssmo-1-768x394.webp 768w\" sizes=\"(max-width: 837px) 100vw, 837px\" \/>\t\t\t\t\t\t<\/div>\r\n\t\t\t\t\t\r\n\t\t\t\t\t\t\t\t\t\t\t<h3 class=\"raven-flip-box__layer__title\">\r\n\t\t\t\t\t\t\tCISSSMO\t\t\t\t\t\t<\/h3>\r\n\t\t\t\t\t\r\n\t\t\t\t\t\t\t\t\t<\/div>\r\n\t\t\t<\/div>\r\n\t\t<\/div>\r\n\t\t\t\t\t<a href=\"#\" target=\"_blank\" class=\"raven-flip-box__layer raven-flip-box__back\"\t\t\t>\r\n\r\n\t\t\t<div class=\"raven-flip-box__layer__overlay\">\r\n\t\t\t\t<div class=\"raven-flip-box__layer__inner\">\r\n\t\t\t\t\t\t\t\t\t\t\t<h3 class=\"raven-flip-box__layer__title\">\r\n\t\t\t\t\t\t\tCISSSMO\t\t\t\t\t\t<\/h3>\r\n\t\t\t\t\t\r\n\t\t\t\t\t\r\n\t\t\t\t\t\t\t\t<\/div>\r\n\r\n\t\t<\/div>\r\n\t\t<\/a>\r\n\t\t<\/div>\r\n\t\t\t\t\t\t<\/div>\n\t\t\t\t<\/div>\n\t\t\t\t<\/div>\n\t\t<div class=\"elementor-element elementor-element-56c71ba e-con-full e-flex e-con e-child\" data-id=\"56c71ba\" data-element_type=\"container\">\n\t\t\t\t<div class=\"elementor-element elementor-element-14c1485 raven-flip-box--effect-flip raven-flip-box--direction-up elementor-invisible elementor-widget elementor-widget-raven-flip-box\" data-id=\"14c1485\" data-element_type=\"widget\" data-settings=\"{&quot;_animation&quot;:&quot;fadeInUp&quot;}\" data-widget_type=\"raven-flip-box.default\">\n\t\t\t\t<div class=\"elementor-widget-container\">\n\t\t\t\t\t\t\t<div class=\"raven-flip-box\">\r\n\t\t\t\t\t<div class=\"raven-flip-box__layer raven-flip-box__front\">\r\n\t\t\t<div class=\"raven-flip-box__layer__overlay\">\r\n\t\t\t\t<div class=\"raven-flip-box__layer__inner\">\r\n\t\t\t\t\t\r\n\t\t\t\t\t\t\t\t\t\t\t<h3 class=\"raven-flip-box__layer__title\">\r\n\t\t\t\t\t\t\tConvenience store\/caf\u00e9 project and premises rental\t\t\t\t\t\t<\/h3>\r\n\t\t\t\t\t\r\n\t\t\t\t\t\t\t\t\t<\/div>\r\n\t\t\t<\/div>\r\n\t\t<\/div>\r\n\t\t\t\t\t<div class=\"raven-flip-box__layer raven-flip-box__back\"\t\t\t>\r\n\r\n\t\t\t<div class=\"raven-flip-box__layer__overlay\">\r\n\t\t\t\t<div class=\"raven-flip-box__layer__inner\">\r\n\t\t\t\t\t\t\t\t\t\t\t<h3 class=\"raven-flip-box__layer__title\">\r\n\t\t\t\t\t\t\tConvenience store\/caf\u00e9 project and premises rental\t\t\t\t\t\t<\/h3>\r\n\t\t\t\t\t\r\n\t\t\t\t\t\r\n\t\t\t\t\t\t\t\t<\/div>\r\n\r\n\t\t<\/div>\r\n\t\t<\/div>\r\n\t\t<\/div>\r\n\t\t\t\t\t\t<\/div>\n\t\t\t\t<\/div>\n\t\t\t\t<\/div>\n\t\t<div class=\"elementor-element elementor-element-14d5874 e-con-full e-flex e-con e-child\" data-id=\"14d5874\" data-element_type=\"container\">\n\t\t\t\t<div class=\"elementor-element elementor-element-51303b4 raven-flip-box--effect-flip raven-flip-box--direction-up elementor-invisible elementor-widget elementor-widget-raven-flip-box\" data-id=\"51303b4\" data-element_type=\"widget\" data-settings=\"{&quot;_animation&quot;:&quot;fadeInRight&quot;}\" data-widget_type=\"raven-flip-box.default\">\n\t\t\t\t<div class=\"elementor-widget-container\">\n\t\t\t\t\t\t\t<div class=\"raven-flip-box\">\r\n\t\t\t\t\t<div class=\"raven-flip-box__layer raven-flip-box__front\">\r\n\t\t\t<div class=\"raven-flip-box__layer__overlay\">\r\n\t\t\t\t<div class=\"raven-flip-box__layer__inner\">\r\n\t\t\t\t\t\t\t\t\t\t\t<div class=\"raven-flip-box__image\">\r\n\t\t\t\t\t\t\t<img decoding=\"async\" width=\"837\" height=\"868\" src=\"https:\/\/idadev.ca\/wp-content\/uploads\/2024\/07\/halt_41.webp\" class=\"attachment-full size-full wp-image-641\" alt=\"Projet Halt41 - Logo\" srcset=\"https:\/\/idadev.ca\/wp-content\/uploads\/2024\/07\/halt_41.webp 837w, https:\/\/idadev.ca\/wp-content\/uploads\/2024\/07\/halt_41-289x300.webp 289w, https:\/\/idadev.ca\/wp-content\/uploads\/2024\/07\/halt_41-768x796.webp 768w\" sizes=\"(max-width: 837px) 100vw, 837px\" \/>\t\t\t\t\t\t<\/div>\r\n\t\t\t\t\t\r\n\t\t\t\t\t\t\t\t\t\t\t<h3 class=\"raven-flip-box__layer__title\">\r\n\t\t\t\t\t\t\tHalt 41\t\t\t\t\t\t<\/h3>\r\n\t\t\t\t\t\r\n\t\t\t\t\t\t\t\t\t<\/div>\r\n\t\t\t<\/div>\r\n\t\t<\/div>\r\n\t\t\t\t\t<div class=\"raven-flip-box__layer raven-flip-box__back\"\t\t\t>\r\n\r\n\t\t\t<div class=\"raven-flip-box__layer__overlay\">\r\n\t\t\t\t<div class=\"raven-flip-box__layer__inner\">\r\n\t\t\t\t\t\t\t\t\t\t\t<h3 class=\"raven-flip-box__layer__title\">\r\n\t\t\t\t\t\t\tHalt 41\t\t\t\t\t\t<\/h3>\r\n\t\t\t\t\t\r\n\t\t\t\t\t\r\n\t\t\t\t\t\t\t\t<\/div>\r\n\r\n\t\t<\/div>\r\n\t\t<\/div>\r\n\t\t<\/div>\r\n\t\t\t\t\t\t<\/div>\n\t\t\t\t<\/div>\n\t\t\t\t<\/div>\n\t\t\t\t<\/div>\n\t\t\t\t<\/div>\n\t\t\t\t<\/div>\n\t\t\t\t<\/div>\n\t\t\t\t\t<\/div>\n\t\t\t\t<\/div>\n\t\t\t\t<\/div>","protected":false},"excerpt":{"rendered":"<p>Nos projets commerciaux Innover dans le concret Chez IDA D\u00e9veloppement, nous red\u00e9finissons l&rsquo;innovation dans les espaces commerciaux. Chaque projet est une occasion d&rsquo;incorporer une esth\u00e9tique raffin\u00e9e et une fonctionnalit\u00e9 r\u00e9fl\u00e9chie pour transformer chaque espace en une \u0153uvre d&rsquo;art fonctionnelle qui inspire et \u00e9l\u00e8ve l&rsquo;environnement de travail.&nbsp; En cours\u2026 CISSSMO CISSSMO Projet d\u00e9panneur\/caf\u00e9 et location de [&hellip;]<\/p>","protected":false},"author":2,"featured_media":0,"parent":0,"menu_order":0,"comment_status":"closed","ping_status":"closed","template":"full-width.php","meta":{"_acf_changed":false,"footnotes":""},"class_list":["post-487","page","type-page","status-publish","hentry"],"acf":[],"yoast_head":"<!-- This site is optimized with the Yoast SEO plugin v25.7 - https:\/\/yoast.com\/wordpress\/plugins\/seo\/ -->\n<title>Projets commerciaux - IDA D\u00e9veloppement | Gestion de projets<\/title>\n<meta name=\"description\" content=\"D\u00e9couvrez les projets commerciaux innovants d&#039;IDA, con\u00e7us pour transformer chaque espace en une \u0153uvre d\u2019art fonctionnelle.\" \/>\n<meta name=\"robots\" content=\"index, follow, max-snippet:-1, max-image-preview:large, max-video-preview:-1\" \/>\n<link rel=\"canonical\" href=\"https:\/\/idadev.ca\/en\/projets-commerciaux\/\" \/>\n<meta property=\"og:locale\" content=\"en_US\" \/>\n<meta property=\"og:type\" content=\"article\" \/>\n<meta property=\"og:title\" content=\"Projets commerciaux - IDA D\u00e9veloppement | Gestion de projets\" \/>\n<meta property=\"og:description\" content=\"D\u00e9couvrez les projets commerciaux innovants d&#039;IDA, con\u00e7us pour transformer chaque espace en une \u0153uvre d\u2019art fonctionnelle.\" \/>\n<meta property=\"og:url\" content=\"https:\/\/idadev.ca\/en\/projets-commerciaux\/\" \/>\n<meta property=\"og:site_name\" content=\"IDA D\u00e9veloppement\" \/>\n<meta property=\"article:modified_time\" content=\"2025-04-10T13:15:46+00:00\" \/>\n<meta property=\"og:image\" content=\"http:\/\/idadev.ca\/wp-content\/uploads\/2024\/05\/locaux_locatif_commerciaux.webp\" \/>\n<meta name=\"twitter:card\" content=\"summary_large_image\" \/>\n<meta name=\"twitter:label1\" content=\"Est. reading time\" \/>\n\t<meta name=\"twitter:data1\" content=\"1 minute\" \/>\n<script type=\"application\/ld+json\" class=\"yoast-schema-graph\">{\"@context\":\"https:\/\/schema.org\",\"@graph\":[{\"@type\":\"WebPage\",\"@id\":\"https:\/\/idadev.ca\/projets-commerciaux\/\",\"url\":\"https:\/\/idadev.ca\/projets-commerciaux\/\",\"name\":\"Projets commerciaux - IDA D\u00e9veloppement | Gestion de projets\",\"isPartOf\":{\"@id\":\"https:\/\/idadev.ca\/#website\"},\"primaryImageOfPage\":{\"@id\":\"https:\/\/idadev.ca\/projets-commerciaux\/#primaryimage\"},\"image\":{\"@id\":\"https:\/\/idadev.ca\/projets-commerciaux\/#primaryimage\"},\"thumbnailUrl\":\"http:\/\/idadev.ca\/wp-content\/uploads\/2024\/05\/locaux_locatif_commerciaux.webp\",\"datePublished\":\"2024-05-24T13:43:04+00:00\",\"dateModified\":\"2025-04-10T13:15:46+00:00\",\"description\":\"D\u00e9couvrez les projets commerciaux innovants d'IDA, con\u00e7us pour transformer chaque espace en une \u0153uvre d\u2019art fonctionnelle.\",\"breadcrumb\":{\"@id\":\"https:\/\/idadev.ca\/projets-commerciaux\/#breadcrumb\"},\"inLanguage\":\"en-CA\",\"potentialAction\":[{\"@type\":\"ReadAction\",\"target\":[\"https:\/\/idadev.ca\/projets-commerciaux\/\"]}]},{\"@type\":\"ImageObject\",\"inLanguage\":\"en-CA\",\"@id\":\"https:\/\/idadev.ca\/projets-commerciaux\/#primaryimage\",\"url\":\"http:\/\/idadev.ca\/wp-content\/uploads\/2024\/05\/locaux_locatif_commerciaux.webp\",\"contentUrl\":\"http:\/\/idadev.ca\/wp-content\/uploads\/2024\/05\/locaux_locatif_commerciaux.webp\"},{\"@type\":\"BreadcrumbList\",\"@id\":\"https:\/\/idadev.ca\/projets-commerciaux\/#breadcrumb\",\"itemListElement\":[{\"@type\":\"ListItem\",\"position\":1,\"name\":\"Home\",\"item\":\"https:\/\/idadev.ca\/\"},{\"@type\":\"ListItem\",\"position\":2,\"name\":\"Projets commerciaux\"}]},{\"@type\":\"WebSite\",\"@id\":\"https:\/\/idadev.ca\/#website\",\"url\":\"https:\/\/idadev.ca\/\",\"name\":\"IDA D\u00e9veloppement\",\"description\":\"L\u2019art du d\u00e9veloppement immobilier\",\"publisher\":{\"@id\":\"https:\/\/idadev.ca\/#organization\"},\"potentialAction\":[{\"@type\":\"SearchAction\",\"target\":{\"@type\":\"EntryPoint\",\"urlTemplate\":\"https:\/\/idadev.ca\/?s={search_term_string}\"},\"query-input\":{\"@type\":\"PropertyValueSpecification\",\"valueRequired\":true,\"valueName\":\"search_term_string\"}}],\"inLanguage\":\"en-CA\"},{\"@type\":\"Organization\",\"@id\":\"https:\/\/idadev.ca\/#organization\",\"name\":\"IDA D\u00e9veloppement\",\"url\":\"https:\/\/idadev.ca\/\",\"logo\":{\"@type\":\"ImageObject\",\"inLanguage\":\"en-CA\",\"@id\":\"https:\/\/idadev.ca\/#\/schema\/logo\/image\/\",\"url\":\"https:\/\/idadev.ca\/wp-content\/uploads\/2024\/04\/Logo-IDA-noir.svg\",\"contentUrl\":\"https:\/\/idadev.ca\/wp-content\/uploads\/2024\/04\/Logo-IDA-noir.svg\",\"width\":1800,\"height\":1080,\"caption\":\"IDA D\u00e9veloppement\"},\"image\":{\"@id\":\"https:\/\/idadev.ca\/#\/schema\/logo\/image\/\"}}]}<\/script>\n<!-- \/ Yoast SEO plugin. -->","yoast_head_json":{"title":"Projets commerciaux - IDA D\u00e9veloppement | Gestion de projets","description":"D\u00e9couvrez les projets commerciaux innovants d'IDA, con\u00e7us pour transformer chaque espace en une \u0153uvre d\u2019art fonctionnelle.","robots":{"index":"index","follow":"follow","max-snippet":"max-snippet:-1","max-image-preview":"max-image-preview:large","max-video-preview":"max-video-preview:-1"},"canonical":"https:\/\/idadev.ca\/en\/projets-commerciaux\/","og_locale":"en_US","og_type":"article","og_title":"Projets commerciaux - IDA D\u00e9veloppement | Gestion de projets","og_description":"D\u00e9couvrez les projets commerciaux innovants d'IDA, con\u00e7us pour transformer chaque espace en une \u0153uvre d\u2019art fonctionnelle.","og_url":"https:\/\/idadev.ca\/en\/projets-commerciaux\/","og_site_name":"IDA D\u00e9veloppement","article_modified_time":"2025-04-10T13:15:46+00:00","og_image":[{"url":"http:\/\/idadev.ca\/wp-content\/uploads\/2024\/05\/locaux_locatif_commerciaux.webp","type":"","width":"","height":""}],"twitter_card":"summary_large_image","twitter_misc":{"Est. reading time":"1 minute"},"schema":{"@context":"https:\/\/schema.org","@graph":[{"@type":"WebPage","@id":"https:\/\/idadev.ca\/projets-commerciaux\/","url":"https:\/\/idadev.ca\/projets-commerciaux\/","name":"Projets commerciaux - IDA D\u00e9veloppement | Gestion de projets","isPartOf":{"@id":"https:\/\/idadev.ca\/#website"},"primaryImageOfPage":{"@id":"https:\/\/idadev.ca\/projets-commerciaux\/#primaryimage"},"image":{"@id":"https:\/\/idadev.ca\/projets-commerciaux\/#primaryimage"},"thumbnailUrl":"http:\/\/idadev.ca\/wp-content\/uploads\/2024\/05\/locaux_locatif_commerciaux.webp","datePublished":"2024-05-24T13:43:04+00:00","dateModified":"2025-04-10T13:15:46+00:00","description":"D\u00e9couvrez les projets commerciaux innovants d'IDA, con\u00e7us pour transformer chaque espace en une \u0153uvre d\u2019art fonctionnelle.","breadcrumb":{"@id":"https:\/\/idadev.ca\/projets-commerciaux\/#breadcrumb"},"inLanguage":"en-CA","potentialAction":[{"@type":"ReadAction","target":["https:\/\/idadev.ca\/projets-commerciaux\/"]}]},{"@type":"ImageObject","inLanguage":"en-CA","@id":"https:\/\/idadev.ca\/projets-commerciaux\/#primaryimage","url":"http:\/\/idadev.ca\/wp-content\/uploads\/2024\/05\/locaux_locatif_commerciaux.webp","contentUrl":"http:\/\/idadev.ca\/wp-content\/uploads\/2024\/05\/locaux_locatif_commerciaux.webp"},{"@type":"BreadcrumbList","@id":"https:\/\/idadev.ca\/projets-commerciaux\/#breadcrumb","itemListElement":[{"@type":"ListItem","position":1,"name":"Home","item":"https:\/\/idadev.ca\/"},{"@type":"ListItem","position":2,"name":"Projets commerciaux"}]},{"@type":"WebSite","@id":"https:\/\/idadev.ca\/#website","url":"https:\/\/idadev.ca\/","name":"IDA Development","description":"The Art of Real Estate Development","publisher":{"@id":"https:\/\/idadev.ca\/#organization"},"potentialAction":[{"@type":"SearchAction","target":{"@type":"EntryPoint","urlTemplate":"https:\/\/idadev.ca\/?s={search_term_string}"},"query-input":{"@type":"PropertyValueSpecification","valueRequired":true,"valueName":"search_term_string"}}],"inLanguage":"en-CA"},{"@type":"Organization","@id":"https:\/\/idadev.ca\/#organization","name":"IDA Development","url":"https:\/\/idadev.ca\/","logo":{"@type":"ImageObject","inLanguage":"en-CA","@id":"https:\/\/idadev.ca\/#\/schema\/logo\/image\/","url":"https:\/\/idadev.ca\/wp-content\/uploads\/2024\/04\/Logo-IDA-noir.svg","contentUrl":"https:\/\/idadev.ca\/wp-content\/uploads\/2024\/04\/Logo-IDA-noir.svg","width":1800,"height":1080,"caption":"IDA D\u00e9veloppement"},"image":{"@id":"https:\/\/idadev.ca\/#\/schema\/logo\/image\/"}}]}},"_links":{"self":[{"href":"https:\/\/idadev.ca\/en\/wp-json\/wp\/v2\/pages\/487","targetHints":{"allow":["GET"]}}],"collection":[{"href":"https:\/\/idadev.ca\/en\/wp-json\/wp\/v2\/pages"}],"about":[{"href":"https:\/\/idadev.ca\/en\/wp-json\/wp\/v2\/types\/page"}],"author":[{"embeddable":true,"href":"https:\/\/idadev.ca\/en\/wp-json\/wp\/v2\/users\/2"}],"replies":[{"embeddable":true,"href":"https:\/\/idadev.ca\/en\/wp-json\/wp\/v2\/comments?post=487"}],"version-history":[{"count":0,"href":"https:\/\/idadev.ca\/en\/wp-json\/wp\/v2\/pages\/487\/revisions"}],"wp:attachment":[{"href":"https:\/\/idadev.ca\/en\/wp-json\/wp\/v2\/media?parent=487"}],"curies":[{"name":"wp","href":"https:\/\/api.w.org\/{rel}","templated":true}]}}