{"id":51,"date":"2024-04-25T21:23:08","date_gmt":"2024-04-25T21:23:08","guid":{"rendered":"https:\/\/idadev.ca\/?page_id=51"},"modified":"2025-10-28T16:59:24","modified_gmt":"2025-10-28T16:59:24","slug":"contact","status":"publish","type":"page","link":"https:\/\/idadev.ca\/en\/contact\/","title":{"rendered":"Contact"},"content":{"rendered":"<div data-elementor-type=\"wp-page\" data-elementor-id=\"51\" class=\"elementor elementor-51\" data-elementor-post-type=\"page\">\n\t\t\t\t<div class=\"elementor-element elementor-element-0ada419 e-con-full e-flex e-con e-parent\" data-id=\"0ada419\" data-element_type=\"container\" data-settings=\"{&quot;background_background&quot;:&quot;slideshow&quot;,&quot;background_slideshow_gallery&quot;:[{&quot;id&quot;:434,&quot;url&quot;:&quot;https:\\\/\\\/idadev.ca\\\/wp-content\\\/uploads\\\/2024\\\/05\\\/bg_contact.webp&quot;}],&quot;background_slideshow_slide_duration&quot;:3000,&quot;background_slideshow_ken_burns&quot;:&quot;yes&quot;,&quot;background_slideshow_ken_burns_zoom_direction&quot;:&quot;out&quot;,&quot;background_slideshow_loop&quot;:&quot;yes&quot;,&quot;background_slideshow_slide_transition&quot;:&quot;fade&quot;,&quot;background_slideshow_transition_duration&quot;:500}\">\n\t\t<div class=\"elementor-element elementor-element-3e5c068 e-flex e-con-boxed e-con e-child\" data-id=\"3e5c068\" data-element_type=\"container\">\n\t\t\t\t\t<div class=\"e-con-inner\">\n\t\t\t\t<div class=\"elementor-element elementor-element-74ba65f elementor-widget elementor-widget-heading\" data-id=\"74ba65f\" data-element_type=\"widget\" data-widget_type=\"heading.default\">\n\t\t\t\t<div class=\"elementor-widget-container\">\n\t\t\t\t\t<h1 class=\"elementor-heading-title elementor-size-default\">Contact Us<\/h1>\t\t\t\t<\/div>\n\t\t\t\t<\/div>\n\t\t\t\t\t<\/div>\n\t\t\t\t<\/div>\n\t\t\t\t<\/div>\n\t\t<div class=\"elementor-element elementor-element-77a035e e-flex e-con-boxed e-con e-parent\" data-id=\"77a035e\" data-element_type=\"container\" data-settings=\"{&quot;background_background&quot;:&quot;classic&quot;}\">\n\t\t\t\t\t<div class=\"e-con-inner\">\n\t\t\t\t<div class=\"elementor-element elementor-element-6674570 elementor-tablet-align-center elementor-mobile-align-center elementor-align-center elementor-widget elementor-widget-raven-heading\" data-id=\"6674570\" data-element_type=\"widget\" data-widget_type=\"raven-heading.default\">\n\t\t\t\t<div class=\"elementor-widget-container\">\n\t\t\t\t\t\t\t<div class=\"raven-widget-wrapper\"><h2 class=\"raven-heading raven-heading-h2\"><span class=\"raven-heading-title\"><span class=\"raven-heading-title-inner elementor-inline-editing\" data-text=\"\u200b\u200bContactez IDA D\u00e9veloppement\" data-elementor-setting-key=\"title\">\u200b\u200bContact IDA Development<\/span><\/span><\/h2><\/div>\r\n\t\t\t\t\t\t<\/div>\n\t\t\t\t<\/div>\n\t\t\t\t<div class=\"elementor-element elementor-element-a5e8ffd elementor-widget elementor-widget-text-editor\" data-id=\"a5e8ffd\" data-element_type=\"widget\" data-widget_type=\"text-editor.default\">\n\t\t\t\t<div class=\"elementor-widget-container\">\n\t\t\t\t\t\t\t\t\tDo you have any questions or would you like to learn more about our projects? Don\u2019t hesitate to reach out to us. Our teams are ready to provide you with all the information you need.\t\t\t\t\t\t\t\t<\/div>\n\t\t\t\t<\/div>\n\t\t<div class=\"elementor-element elementor-element-1050d78 e-grid e-con-full e-con e-child\" data-id=\"1050d78\" data-element_type=\"container\">\n\t\t<div class=\"elementor-element elementor-element-8725b54 e-flex e-con-boxed elementor-invisible e-con e-child\" data-id=\"8725b54\" data-element_type=\"container\" data-settings=\"{&quot;animation&quot;:&quot;fadeInLeft&quot;}\">\n\t\t\t\t\t<div class=\"e-con-inner\">\n\t\t\t\t<div class=\"elementor-element elementor-element-0852d73 elementor-widget elementor-widget-image-box\" data-id=\"0852d73\" data-element_type=\"widget\" data-widget_type=\"image-box.default\">\n\t\t\t\t<div class=\"elementor-widget-container\">\n\t\t\t\t\t<div class=\"elementor-image-box-wrapper\"><div class=\"elementor-image-box-content\"><h4 class=\"elementor-image-box-title\">Our Offices<\/h4><p class=\"elementor-image-box-description\">2051 L\u00e9onard-de-Vinci Street<br>Sainte-Julie, QC J3E 1Z2\n<\/p><\/div><\/div>\t\t\t\t<\/div>\n\t\t\t\t<\/div>\n\t\t\t\t\t<\/div>\n\t\t\t\t<\/div>\n\t\t<div class=\"elementor-element elementor-element-436b403 e-flex e-con-boxed elementor-invisible e-con e-child\" data-id=\"436b403\" data-element_type=\"container\" data-settings=\"{&quot;animation&quot;:&quot;fadeInLeft&quot;}\">\n\t\t\t\t\t<div class=\"e-con-inner\">\n\t\t\t\t<div class=\"elementor-element elementor-element-0cd21bc elementor-widget elementor-widget-image-box\" data-id=\"0cd21bc\" data-element_type=\"widget\" data-widget_type=\"image-box.default\">\n\t\t\t\t<div class=\"elementor-widget-container\">\n\t\t\t\t\t<div class=\"elementor-image-box-wrapper\"><div class=\"elementor-image-box-content\"><h4 class=\"elementor-image-box-title\">Contact Us<\/h4><p class=\"elementor-image-box-description\">450 649-1001<br>\nMonday to Friday, 8 a.m. to 5 p.m.<\/p><\/div><\/div>\t\t\t\t<\/div>\n\t\t\t\t<\/div>\n\t\t\t\t\t<\/div>\n\t\t\t\t<\/div>\n\t\t\t\t<\/div>\n\t\t\t\t\t<\/div>\n\t\t\t\t<\/div>\n\t\t<div class=\"elementor-element elementor-element-8af977c e-flex e-con-boxed e-con e-parent\" data-id=\"8af977c\" data-element_type=\"container\">\n\t\t\t\t\t<div class=\"e-con-inner\">\n\t\t\t\t<div class=\"elementor-element elementor-element-cca5cc5 elementor-widget elementor-widget-heading\" data-id=\"cca5cc5\" data-element_type=\"widget\" data-widget_type=\"heading.default\">\n\t\t\t\t<div class=\"elementor-widget-container\">\n\t\t\t\t\t<h2 class=\"elementor-heading-title elementor-size-default\"><br><h2 data-elementor-setting-key=\"title\" data-pen-placeholder=\"Saisir ici...\" style=\", sans-serif;font-weight: 600;line-height: 1.15;text-align: center\">Suivez-nous sur les r\u00e9seaux sociaux<span style=\"text-align: start\"><\/span><\/h2><\/h2>\t\t\t\t<\/div>\n\t\t\t\t<\/div>\n\t\t\t\t\t<\/div>\n\t\t\t\t<\/div>\n\t\t<div class=\"elementor-element elementor-element-99a9b03 e-grid e-con-boxed e-con e-parent\" data-id=\"99a9b03\" data-element_type=\"container\">\n\t\t\t\t\t<div class=\"e-con-inner\">\n\t\t\t\t<div class=\"elementor-element elementor-element-ee2ea04 elementor-view-default elementor-widget elementor-widget-icon\" data-id=\"ee2ea04\" data-element_type=\"widget\" data-widget_type=\"icon.default\">\n\t\t\t\t<div class=\"elementor-widget-container\">\n\t\t\t\t\t\t\t<div class=\"elementor-icon-wrapper\">\n\t\t\t<a class=\"elementor-icon\" href=\"https:\/\/www.facebook.com\/profile.php?id=61566773490792&#038;locale=fr_CA\">\n\t\t\t<svg aria-hidden=\"true\" class=\"e-font-icon-svg e-fab-facebook\" viewbox=\"0 0 512 512\" xmlns=\"http:\/\/www.w3.org\/2000\/svg\"><path d=\"M504 256C504 119 393 8 256 8S8 119 8 256c0 123.78 90.69 226.38 209.25 245V327.69h-63V256h63v-54.64c0-62.15 37-96.48 93.67-96.48 27.14 0 55.52 4.84 55.52 4.84v61h-31.28c-30.8 0-40.41 19.12-40.41 38.73V256h68.78l-11 71.69h-57.78V501C413.31 482.38 504 379.78 504 256z\"><\/path><\/svg>\t\t\t<\/a>\n\t\t<\/div>\n\t\t\t\t\t\t<\/div>\n\t\t\t\t<\/div>\n\t\t\t\t<div class=\"elementor-element elementor-element-1828204 elementor-view-default elementor-widget elementor-widget-icon\" data-id=\"1828204\" data-element_type=\"widget\" data-widget_type=\"icon.default\">\n\t\t\t\t<div class=\"elementor-widget-container\">\n\t\t\t\t\t\t\t<div class=\"elementor-icon-wrapper\">\n\t\t\t<a class=\"elementor-icon\" href=\"https:\/\/www.linkedin.com\/company\/105228731\/admin\/dashboard\/\">\n\t\t\t<svg aria-hidden=\"true\" class=\"e-font-icon-svg e-fab-linkedin\" viewbox=\"0 0 448 512\" xmlns=\"http:\/\/www.w3.org\/2000\/svg\"><path d=\"M416 32H31.9C14.3 32 0 46.5 0 64.3v383.4C0 465.5 14.3 480 31.9 480H416c17.6 0 32-14.5 32-32.3V64.3c0-17.8-14.4-32.3-32-32.3zM135.4 416H69V202.2h66.5V416zm-33.2-243c-21.3 0-38.5-17.3-38.5-38.5S80.9 96 102.2 96c21.2 0 38.5 17.3 38.5 38.5 0 21.3-17.2 38.5-38.5 38.5zm282.1 243h-66.4V312c0-24.8-.5-56.7-34.5-56.7-34.6 0-39.9 27-39.9 54.9V416h-66.4V202.2h63.7v29.2h.9c8.9-16.8 30.6-34.5 62.9-34.5 67.2 0 79.7 44.3 79.7 101.9V416z\"><\/path><\/svg>\t\t\t<\/a>\n\t\t<\/div>\n\t\t\t\t\t\t<\/div>\n\t\t\t\t<\/div>\n\t\t\t\t\t<\/div>\n\t\t\t\t<\/div>\n\t\t<div class=\"elementor-element elementor-element-50eab702 e-con-full e-flex e-con e-parent\" data-id=\"50eab702\" data-element_type=\"container\">\n\t\t\t\t<div class=\"elementor-element elementor-element-18c0b2e elementor-widget-divider--view-line elementor-widget elementor-widget-divider\" data-id=\"18c0b2e\" data-element_type=\"widget\" data-widget_type=\"divider.default\">\n\t\t\t\t<div class=\"elementor-widget-container\">\n\t\t\t\t\t\t\t<div class=\"elementor-divider\">\n\t\t\t<span class=\"elementor-divider-separator\">\n\t\t\t\t\t\t<\/span>\n\t\t<\/div>\n\t\t\t\t\t\t<\/div>\n\t\t\t\t<\/div>\n\t\t\t\t<div class=\"elementor-element elementor-element-68a748ff elementor-widget elementor-widget-google_maps\" data-id=\"68a748ff\" data-element_type=\"widget\" data-widget_type=\"google_maps.default\">\n\t\t\t\t<div class=\"elementor-widget-container\">\n\t\t\t\t\t\t\t<div class=\"elementor-custom-embed\">\n\t\t\t<iframe loading=\"lazy\"\n\t\t\t\t\tsrc=\"https:\/\/maps.google.com\/maps?q=2051%2C%20L%C3%A9onard%20de%20Vinci%2C%20Sainte-Julie%2C%20QC%2C%20J3E%201Z2&#038;t=m&#038;z=12&#038;output=embed&#038;iwloc=near\"\n\t\t\t\t\ttitle=\"2051, L\u00e9onard de Vinci, Sainte-Julie, QC, J3E 1Z2\"\n\t\t\t\t\taria-label=\"2051, L\u00e9onard de Vinci, Sainte-Julie, QC, J3E 1Z2\"\n\t\t\t><\/iframe>\n\t\t<\/div>\n\t\t\t\t\t\t<\/div>\n\t\t\t\t<\/div>\n\t\t\t\t<\/div>\n\t\t\t\t<\/div>","protected":false},"excerpt":{"rendered":"<p>Nous joindre \u200b\u200bContactez IDA D\u00e9veloppement Vous avez des questions ou vous souhaitez en savoir plus sur nos projets? N&rsquo;h\u00e9sitez pas \u00e0 nous contacter. Nos \u00e9quipes sont l\u00e0 pour vous fournir toutes les informations n\u00e9cessaires. Nos bureaux 2051, rue L\u00e9onard-de-VinciSainte-Julie, QC J3E 1Z2 Nous joindre 450 649-1001 Lundi au vendredi 8 h \u00e0 17 h Suivez-nous [&hellip;]<\/p>","protected":false},"author":2,"featured_media":0,"parent":0,"menu_order":0,"comment_status":"closed","ping_status":"closed","template":"full-width.php","meta":{"_acf_changed":false,"footnotes":""},"class_list":["post-51","page","type-page","status-publish","hentry"],"acf":[],"yoast_head":"<!-- This site is optimized with the Yoast SEO plugin v25.7 - https:\/\/yoast.com\/wordpress\/plugins\/seo\/ -->\n<title>Contact - IDA D\u00e9veloppement | Gestion de projets immobiliers<\/title>\n<meta name=\"description\" content=\"Contactez IDA D\u00e9veloppement pour vos projets immobiliers. Notre \u00e9quipe multidisciplinaire est pr\u00eate \u00e0 r\u00e9pondre \u00e0 vos questions.\" \/>\n<meta name=\"robots\" content=\"index, follow, max-snippet:-1, max-image-preview:large, max-video-preview:-1\" \/>\n<link rel=\"canonical\" href=\"https:\/\/idadev.ca\/en\/contact\/\" \/>\n<meta property=\"og:locale\" content=\"en_US\" \/>\n<meta property=\"og:type\" content=\"article\" \/>\n<meta property=\"og:title\" content=\"Contact - IDA D\u00e9veloppement | Gestion de projets immobiliers\" \/>\n<meta property=\"og:description\" content=\"Contactez IDA D\u00e9veloppement pour vos projets immobiliers. Notre \u00e9quipe multidisciplinaire est pr\u00eate \u00e0 r\u00e9pondre \u00e0 vos questions.\" \/>\n<meta property=\"og:url\" content=\"https:\/\/idadev.ca\/en\/contact\/\" \/>\n<meta property=\"og:site_name\" content=\"IDA D\u00e9veloppement\" \/>\n<meta property=\"article:modified_time\" content=\"2025-10-28T16:59:24+00:00\" \/>\n<meta name=\"twitter:card\" content=\"summary_large_image\" \/>\n<meta name=\"twitter:label1\" content=\"Est. reading time\" \/>\n\t<meta name=\"twitter:data1\" content=\"1 minute\" \/>\n<script type=\"application\/ld+json\" class=\"yoast-schema-graph\">{\"@context\":\"https:\/\/schema.org\",\"@graph\":[{\"@type\":\"WebPage\",\"@id\":\"https:\/\/idadev.ca\/contact\/\",\"url\":\"https:\/\/idadev.ca\/contact\/\",\"name\":\"Contact - IDA D\u00e9veloppement | Gestion de projets immobiliers\",\"isPartOf\":{\"@id\":\"https:\/\/idadev.ca\/#website\"},\"datePublished\":\"2024-04-25T21:23:08+00:00\",\"dateModified\":\"2025-10-28T16:59:24+00:00\",\"description\":\"Contactez IDA D\u00e9veloppement pour vos projets immobiliers. Notre \u00e9quipe multidisciplinaire est pr\u00eate \u00e0 r\u00e9pondre \u00e0 vos questions.\",\"breadcrumb\":{\"@id\":\"https:\/\/idadev.ca\/contact\/#breadcrumb\"},\"inLanguage\":\"en-CA\",\"potentialAction\":[{\"@type\":\"ReadAction\",\"target\":[\"https:\/\/idadev.ca\/contact\/\"]}]},{\"@type\":\"BreadcrumbList\",\"@id\":\"https:\/\/idadev.ca\/contact\/#breadcrumb\",\"itemListElement\":[{\"@type\":\"ListItem\",\"position\":1,\"name\":\"Home\",\"item\":\"https:\/\/idadev.ca\/\"},{\"@type\":\"ListItem\",\"position\":2,\"name\":\"Contact\"}]},{\"@type\":\"WebSite\",\"@id\":\"https:\/\/idadev.ca\/#website\",\"url\":\"https:\/\/idadev.ca\/\",\"name\":\"IDA D\u00e9veloppement\",\"description\":\"L\u2019art du d\u00e9veloppement immobilier\",\"publisher\":{\"@id\":\"https:\/\/idadev.ca\/#organization\"},\"potentialAction\":[{\"@type\":\"SearchAction\",\"target\":{\"@type\":\"EntryPoint\",\"urlTemplate\":\"https:\/\/idadev.ca\/?s={search_term_string}\"},\"query-input\":{\"@type\":\"PropertyValueSpecification\",\"valueRequired\":true,\"valueName\":\"search_term_string\"}}],\"inLanguage\":\"en-CA\"},{\"@type\":\"Organization\",\"@id\":\"https:\/\/idadev.ca\/#organization\",\"name\":\"IDA D\u00e9veloppement\",\"url\":\"https:\/\/idadev.ca\/\",\"logo\":{\"@type\":\"ImageObject\",\"inLanguage\":\"en-CA\",\"@id\":\"https:\/\/idadev.ca\/#\/schema\/logo\/image\/\",\"url\":\"https:\/\/idadev.ca\/wp-content\/uploads\/2024\/04\/Logo-IDA-noir.svg\",\"contentUrl\":\"https:\/\/idadev.ca\/wp-content\/uploads\/2024\/04\/Logo-IDA-noir.svg\",\"width\":1800,\"height\":1080,\"caption\":\"IDA D\u00e9veloppement\"},\"image\":{\"@id\":\"https:\/\/idadev.ca\/#\/schema\/logo\/image\/\"}}]}<\/script>\n<!-- \/ Yoast SEO plugin. -->","yoast_head_json":{"title":"Contact - IDA D\u00e9veloppement | Gestion de projets immobiliers","description":"Contactez IDA D\u00e9veloppement pour vos projets immobiliers. Notre \u00e9quipe multidisciplinaire est pr\u00eate \u00e0 r\u00e9pondre \u00e0 vos questions.","robots":{"index":"index","follow":"follow","max-snippet":"max-snippet:-1","max-image-preview":"max-image-preview:large","max-video-preview":"max-video-preview:-1"},"canonical":"https:\/\/idadev.ca\/en\/contact\/","og_locale":"en_US","og_type":"article","og_title":"Contact - IDA D\u00e9veloppement | Gestion de projets immobiliers","og_description":"Contactez IDA D\u00e9veloppement pour vos projets immobiliers. Notre \u00e9quipe multidisciplinaire est pr\u00eate \u00e0 r\u00e9pondre \u00e0 vos questions.","og_url":"https:\/\/idadev.ca\/en\/contact\/","og_site_name":"IDA D\u00e9veloppement","article_modified_time":"2025-10-28T16:59:24+00:00","twitter_card":"summary_large_image","twitter_misc":{"Est. reading time":"1 minute"},"schema":{"@context":"https:\/\/schema.org","@graph":[{"@type":"WebPage","@id":"https:\/\/idadev.ca\/contact\/","url":"https:\/\/idadev.ca\/contact\/","name":"Contact - IDA D\u00e9veloppement | Gestion de projets immobiliers","isPartOf":{"@id":"https:\/\/idadev.ca\/#website"},"datePublished":"2024-04-25T21:23:08+00:00","dateModified":"2025-10-28T16:59:24+00:00","description":"Contactez IDA D\u00e9veloppement pour vos projets immobiliers. Notre \u00e9quipe multidisciplinaire est pr\u00eate \u00e0 r\u00e9pondre \u00e0 vos questions.","breadcrumb":{"@id":"https:\/\/idadev.ca\/contact\/#breadcrumb"},"inLanguage":"en-CA","potentialAction":[{"@type":"ReadAction","target":["https:\/\/idadev.ca\/contact\/"]}]},{"@type":"BreadcrumbList","@id":"https:\/\/idadev.ca\/contact\/#breadcrumb","itemListElement":[{"@type":"ListItem","position":1,"name":"Home","item":"https:\/\/idadev.ca\/"},{"@type":"ListItem","position":2,"name":"Contact"}]},{"@type":"WebSite","@id":"https:\/\/idadev.ca\/#website","url":"https:\/\/idadev.ca\/","name":"IDA Development","description":"The Art of Real Estate Development","publisher":{"@id":"https:\/\/idadev.ca\/#organization"},"potentialAction":[{"@type":"SearchAction","target":{"@type":"EntryPoint","urlTemplate":"https:\/\/idadev.ca\/?s={search_term_string}"},"query-input":{"@type":"PropertyValueSpecification","valueRequired":true,"valueName":"search_term_string"}}],"inLanguage":"en-CA"},{"@type":"Organization","@id":"https:\/\/idadev.ca\/#organization","name":"IDA Development","url":"https:\/\/idadev.ca\/","logo":{"@type":"ImageObject","inLanguage":"en-CA","@id":"https:\/\/idadev.ca\/#\/schema\/logo\/image\/","url":"https:\/\/idadev.ca\/wp-content\/uploads\/2024\/04\/Logo-IDA-noir.svg","contentUrl":"https:\/\/idadev.ca\/wp-content\/uploads\/2024\/04\/Logo-IDA-noir.svg","width":1800,"height":1080,"caption":"IDA D\u00e9veloppement"},"image":{"@id":"https:\/\/idadev.ca\/#\/schema\/logo\/image\/"}}]}},"_links":{"self":[{"href":"https:\/\/idadev.ca\/en\/wp-json\/wp\/v2\/pages\/51","targetHints":{"allow":["GET"]}}],"collection":[{"href":"https:\/\/idadev.ca\/en\/wp-json\/wp\/v2\/pages"}],"about":[{"href":"https:\/\/idadev.ca\/en\/wp-json\/wp\/v2\/types\/page"}],"author":[{"embeddable":true,"href":"https:\/\/idadev.ca\/en\/wp-json\/wp\/v2\/users\/2"}],"replies":[{"embeddable":true,"href":"https:\/\/idadev.ca\/en\/wp-json\/wp\/v2\/comments?post=51"}],"version-history":[{"count":0,"href":"https:\/\/idadev.ca\/en\/wp-json\/wp\/v2\/pages\/51\/revisions"}],"wp:attachment":[{"href":"https:\/\/idadev.ca\/en\/wp-json\/wp\/v2\/media?parent=51"}],"curies":[{"name":"wp","href":"https:\/\/api.w.org\/{rel}","templated":true}]}}