{"id":584,"date":"2024-07-05T16:26:46","date_gmt":"2024-07-05T16:26:46","guid":{"rendered":"https:\/\/idadev.ca\/?page_id=584"},"modified":"2025-03-27T15:03:18","modified_gmt":"2025-03-27T15:03:18","slug":"services","status":"publish","type":"page","link":"https:\/\/idadev.ca\/en\/services\/","title":{"rendered":"Services"},"content":{"rendered":"<div data-elementor-type=\"wp-page\" data-elementor-id=\"584\" class=\"elementor elementor-584\" data-elementor-post-type=\"page\">\n\t\t\t\t<div class=\"elementor-element elementor-element-e67f9c3 e-con-full e-flex e-con e-parent\" data-id=\"e67f9c3\" data-element_type=\"container\" data-settings=\"{&quot;background_background&quot;:&quot;slideshow&quot;,&quot;background_slideshow_gallery&quot;:[{&quot;id&quot;:479,&quot;url&quot;:&quot;https:\\\/\\\/idadev.ca\\\/wp-content\\\/uploads\\\/2024\\\/05\\\/bg_projet_residentiel.webp&quot;},{&quot;id&quot;:434,&quot;url&quot;:&quot;https:\\\/\\\/idadev.ca\\\/wp-content\\\/uploads\\\/2024\\\/05\\\/bg_contact.webp&quot;},{&quot;id&quot;:381,&quot;url&quot;:&quot;https:\\\/\\\/idadev.ca\\\/wp-content\\\/uploads\\\/2024\\\/05\\\/bg_a_propos_salon_maison.webp&quot;},{&quot;id&quot;:385,&quot;url&quot;:&quot;https:\\\/\\\/idadev.ca\\\/wp-content\\\/uploads\\\/2024\\\/05\\\/bg_cuisine.webp&quot;}],&quot;background_slideshow_slide_duration&quot;:3000,&quot;background_slideshow_ken_burns&quot;:&quot;yes&quot;,&quot;background_slideshow_ken_burns_zoom_direction&quot;:&quot;out&quot;,&quot;background_slideshow_loop&quot;:&quot;yes&quot;,&quot;background_slideshow_slide_transition&quot;:&quot;fade&quot;,&quot;background_slideshow_transition_duration&quot;:500}\">\n\t\t<div class=\"elementor-element elementor-element-464c4e4 e-flex e-con-boxed e-con e-child\" data-id=\"464c4e4\" data-element_type=\"container\">\n\t\t\t\t\t<div class=\"e-con-inner\">\n\t\t\t\t<div class=\"elementor-element elementor-element-7a80a1f elementor-headline--style-rotate elementor-widget elementor-widget-animated-headline\" data-id=\"7a80a1f\" data-element_type=\"widget\" data-settings=\"{&quot;headline_style&quot;:&quot;rotate&quot;,&quot;rotating_text&quot;:&quot;Services&quot;,&quot;animation_type&quot;:&quot;typing&quot;,&quot;loop&quot;:&quot;yes&quot;,&quot;rotate_iteration_delay&quot;:2500}\" data-widget_type=\"animated-headline.default\">\n\t\t\t\t<div class=\"elementor-widget-container\">\n\t\t\t\t\t\t\t<h1 class=\"elementor-headline elementor-headline-animation-type-typing elementor-headline-letters\">\n\t\t\t\t<span class=\"elementor-headline-dynamic-wrapper elementor-headline-text-wrapper\">\n\t\t\t\t\t<span class=\"elementor-headline-dynamic-text elementor-headline-text-active\">\n\t\t\t\tServices\t\t\t<\/span>\n\t\t\t\t\t\t<\/span>\n\t\t\t\t<\/h1>\n\t\t\t\t\t\t<\/div>\n\t\t\t\t<\/div>\n\t\t\t\t\t<\/div>\n\t\t\t\t<\/div>\n\t\t\t\t<\/div>\n\t\t<div class=\"elementor-element elementor-element-567d2c2 e-flex e-con-boxed elementor-invisible e-con e-parent\" data-id=\"567d2c2\" data-element_type=\"container\" data-settings=\"{&quot;background_background&quot;:&quot;classic&quot;,&quot;animation&quot;:&quot;fadeInUp&quot;}\">\n\t\t\t\t\t<div class=\"e-con-inner\">\n\t\t\t\t<div class=\"elementor-element elementor-element-3f70a89 elementor-tablet-align-center elementor-mobile-align-center elementor-align-center elementor-widget elementor-widget-raven-heading\" data-id=\"3f70a89\" data-element_type=\"widget\" data-widget_type=\"raven-heading.default\">\n\t\t\t\t<div class=\"elementor-widget-container\">\n\t\t\t\t\t\t\t<div class=\"raven-widget-wrapper\"><h2 class=\"raven-heading raven-heading-h2\"><span class=\"raven-heading-title\">360\u00b0<\/span><\/h2><\/div>\r\n\t\t\t\t\t\t<\/div>\n\t\t\t\t<\/div>\n\t\t\t\t<div class=\"elementor-element elementor-element-898d95c elementor-tablet-align-center elementor-mobile-align-center elementor-align-center elementor-widget elementor-widget-raven-heading\" data-id=\"898d95c\" data-element_type=\"widget\" data-widget_type=\"raven-heading.default\">\n\t\t\t\t<div class=\"elementor-widget-container\">\n\t\t\t\t\t\t\t<div class=\"raven-widget-wrapper\"><h3 class=\"raven-heading raven-heading-h3\"><span class=\"raven-heading-title\"><span class=\"raven-heading-title-inner elementor-inline-editing\" data-text=\"360\u00b0\" data-elementor-setting-key=\"title\">Support<\/span><\/span><\/h3><\/div>\r\n\t\t\t\t\t\t<\/div>\n\t\t\t\t<\/div>\n\t\t\t\t<div class=\"elementor-element elementor-element-b8a19c1 elementor-widget elementor-widget-text-editor\" data-id=\"b8a19c1\" data-element_type=\"widget\" data-widget_type=\"text-editor.default\">\n\t\t\t\t<div class=\"elementor-widget-container\">\n\t\t\t\t\t\t\t\t\t<p>At IDA, we shape your real estate projects\u2014residential and commercial\u2014with artistic precision. Our 360\u00b0 approach covers everything from ideation to construction and marketing, ensuring brilliant and lasting success.<\/p>\t\t\t\t\t\t\t\t<\/div>\n\t\t\t\t<\/div>\n\t\t<div class=\"elementor-element elementor-element-1a083f9 e-flex e-con-boxed e-con e-child\" data-id=\"1a083f9\" data-element_type=\"container\">\n\t\t\t\t\t<div class=\"e-con-inner\">\n\t\t<div class=\"elementor-element elementor-element-328e780 e-con-full e-flex e-con e-child\" data-id=\"328e780\" data-element_type=\"container\" data-settings=\"{&quot;background_background&quot;:&quot;classic&quot;}\">\n\t\t\t\t<div class=\"elementor-element elementor-element-b88d2d2 premium-lottie-svg elementor-widget elementor-widget-premium-lottie\" data-id=\"b88d2d2\" data-element_type=\"widget\" data-settings=\"{&quot;lottie_file&quot;:{&quot;url&quot;:&quot;https:\\\/\\\/idadev.ca\\\/wp-content\\\/uploads\\\/2024\\\/07\\\/gestion-2.json&quot;,&quot;id&quot;:553,&quot;size&quot;:&quot;&quot;,&quot;alt&quot;:&quot;&quot;,&quot;source&quot;:&quot;library&quot;}}\" data-widget_type=\"premium-lottie.default\">\n\t\t\t\t<div class=\"elementor-widget-container\">\n\t\t\t\t\t\n\t\t<div class=\"premium-lottie-animation\" data-lottie-url=\"https:\/\/idadev.ca\/wp-content\/uploads\/2024\/07\/gestion-2.json\" data-lottie-loop=\"true\" data-lottie-reverse=\"\" data-lottie-hover=\"\" data-lottie-speed=\"1\" data-lottie-render=\"svg\" data-lottie-delay=\"\">\n\t\t\t\t\t<\/div>\n\n\t\t\t\t\t\t<\/div>\n\t\t\t\t<\/div>\n\t\t\t\t<div class=\"elementor-element elementor-element-7d2b15e elementor-widget elementor-widget-heading\" data-id=\"7d2b15e\" data-element_type=\"widget\" data-widget_type=\"heading.default\">\n\t\t\t\t<div class=\"elementor-widget-container\">\n\t\t\t\t\t<h4 class=\"elementor-heading-title elementor-size-default\">Management<\/h4>\t\t\t\t<\/div>\n\t\t\t\t<\/div>\n\t\t\t\t<div class=\"elementor-element elementor-element-531f832 elementor-widget elementor-widget-text-editor\" data-id=\"531f832\" data-element_type=\"widget\" data-widget_type=\"text-editor.default\">\n\t\t\t\t<div class=\"elementor-widget-container\">\n\t\t\t\t\t\t\t\t\tWe manage your project from the initial consultation onward. Our experts assist you at every stage, ensuring smooth coordination and clear communication to achieve results that match your expectations.\t\t\t\t\t\t\t\t<\/div>\n\t\t\t\t<\/div>\n\t\t\t\t<\/div>\n\t\t<div class=\"elementor-element elementor-element-2da5de0 e-con-full e-flex e-con e-child\" data-id=\"2da5de0\" data-element_type=\"container\" data-settings=\"{&quot;background_background&quot;:&quot;classic&quot;}\">\n\t\t\t\t<div class=\"elementor-element elementor-element-530e005 premium-lottie-svg elementor-widget elementor-widget-premium-lottie\" data-id=\"530e005\" data-element_type=\"widget\" data-settings=\"{&quot;lottie_file&quot;:{&quot;url&quot;:&quot;https:\\\/\\\/idadev.ca\\\/wp-content\\\/uploads\\\/2024\\\/07\\\/Floor-plan.json&quot;,&quot;id&quot;:559,&quot;size&quot;:&quot;&quot;,&quot;alt&quot;:&quot;&quot;,&quot;source&quot;:&quot;library&quot;}}\" data-widget_type=\"premium-lottie.default\">\n\t\t\t\t<div class=\"elementor-widget-container\">\n\t\t\t\t\t\n\t\t<div class=\"premium-lottie-animation\" data-lottie-url=\"https:\/\/idadev.ca\/wp-content\/uploads\/2024\/07\/Floor-plan.json\" data-lottie-loop=\"true\" data-lottie-reverse=\"\" data-lottie-hover=\"\" data-lottie-speed=\"1\" data-lottie-render=\"svg\" data-lottie-delay=\"\">\n\t\t\t\t\t<\/div>\n\n\t\t\t\t\t\t<\/div>\n\t\t\t\t<\/div>\n\t\t\t\t<div class=\"elementor-element elementor-element-ac7c9ba elementor-widget elementor-widget-heading\" data-id=\"ac7c9ba\" data-element_type=\"widget\" data-widget_type=\"heading.default\">\n\t\t\t\t<div class=\"elementor-widget-container\">\n\t\t\t\t\t<h4 class=\"elementor-heading-title elementor-size-default\"> Design and Manufacturing<\/h4>\t\t\t\t<\/div>\n\t\t\t\t<\/div>\n\t\t\t\t<div class=\"elementor-element elementor-element-a9c2b4a elementor-widget elementor-widget-text-editor\" data-id=\"a9c2b4a\" data-element_type=\"widget\" data-widget_type=\"text-editor.default\">\n\t\t\t\t<div class=\"elementor-widget-container\">\n\t\t\t\t\t\t\t\t\tOur talented team of designers creates both aesthetic and functional environments, while our skilled cabinetmakers produce custom-made elements for impeccable finishes. We prioritize combining creativity with functionality to craft unique and inspiring spaces.\t\t\t\t\t\t\t\t<\/div>\n\t\t\t\t<\/div>\n\t\t\t\t<\/div>\n\t\t\t\t\t<\/div>\n\t\t\t\t<\/div>\n\t\t<div class=\"elementor-element elementor-element-0c1d08b e-flex e-con-boxed e-con e-child\" data-id=\"0c1d08b\" data-element_type=\"container\">\n\t\t\t\t\t<div class=\"e-con-inner\">\n\t\t<div class=\"elementor-element elementor-element-c4dc897 e-con-full e-flex e-con e-child\" data-id=\"c4dc897\" data-element_type=\"container\" data-settings=\"{&quot;background_background&quot;:&quot;classic&quot;}\">\n\t\t\t\t<div class=\"elementor-element elementor-element-0bb24da premium-lottie-svg elementor-widget elementor-widget-premium-lottie\" data-id=\"0bb24da\" data-element_type=\"widget\" data-settings=\"{&quot;lottie_file&quot;:{&quot;url&quot;:&quot;https:\\\/\\\/idadev.ca\\\/wp-content\\\/uploads\\\/2024\\\/07\\\/Building-construction.json&quot;,&quot;id&quot;:557,&quot;size&quot;:&quot;&quot;,&quot;alt&quot;:&quot;&quot;,&quot;source&quot;:&quot;library&quot;}}\" data-widget_type=\"premium-lottie.default\">\n\t\t\t\t<div class=\"elementor-widget-container\">\n\t\t\t\t\t\n\t\t<div class=\"premium-lottie-animation\" data-lottie-url=\"https:\/\/idadev.ca\/wp-content\/uploads\/2024\/07\/Building-construction.json\" data-lottie-loop=\"true\" data-lottie-reverse=\"\" data-lottie-hover=\"\" data-lottie-speed=\"1\" data-lottie-render=\"svg\" data-lottie-delay=\"\">\n\t\t\t\t\t<\/div>\n\n\t\t\t\t\t\t<\/div>\n\t\t\t\t<\/div>\n\t\t\t\t<div class=\"elementor-element elementor-element-fc5051a elementor-widget elementor-widget-heading\" data-id=\"fc5051a\" data-element_type=\"widget\" data-widget_type=\"heading.default\">\n\t\t\t\t<div class=\"elementor-widget-container\">\n\t\t\t\t\t<h4 class=\"elementor-heading-title elementor-size-default\">Construction<\/h4>\t\t\t\t<\/div>\n\t\t\t\t<\/div>\n\t\t\t\t<div class=\"elementor-element elementor-element-e58a42c elementor-widget elementor-widget-text-editor\" data-id=\"e58a42c\" data-element_type=\"widget\" data-widget_type=\"text-editor.default\">\n\t\t\t\t<div class=\"elementor-widget-container\">\n\t\t\t\t\t\t\t\t\t<p>We oversee every phase of construction. Our project managers guarantee that all stages are executed to the highest standards and comply with current regulations. We proactively address any unforeseen issues to ensure the project runs smoothly, minimizing delays and additional costs.<\/p>\t\t\t\t\t\t\t\t<\/div>\n\t\t\t\t<\/div>\n\t\t\t\t<\/div>\n\t\t<div class=\"elementor-element elementor-element-b109b1e e-con-full e-flex e-con e-child\" data-id=\"b109b1e\" data-element_type=\"container\" data-settings=\"{&quot;background_background&quot;:&quot;classic&quot;}\">\n\t\t\t\t<div class=\"elementor-element elementor-element-d3d94b9 premium-lottie-svg elementor-widget elementor-widget-premium-lottie\" data-id=\"d3d94b9\" data-element_type=\"widget\" data-settings=\"{&quot;lottie_file&quot;:{&quot;url&quot;:&quot;https:\\\/\\\/idadev.ca\\\/wp-content\\\/uploads\\\/2024\\\/07\\\/Sales-Funnel.json&quot;,&quot;id&quot;:561,&quot;size&quot;:&quot;&quot;,&quot;alt&quot;:&quot;&quot;,&quot;source&quot;:&quot;library&quot;}}\" data-widget_type=\"premium-lottie.default\">\n\t\t\t\t<div class=\"elementor-widget-container\">\n\t\t\t\t\t\n\t\t<div class=\"premium-lottie-animation\" data-lottie-url=\"https:\/\/idadev.ca\/wp-content\/uploads\/2024\/07\/Sales-Funnel.json\" data-lottie-loop=\"true\" data-lottie-reverse=\"\" data-lottie-hover=\"\" data-lottie-speed=\"1\" data-lottie-render=\"svg\" data-lottie-delay=\"\">\n\t\t\t\t\t<\/div>\n\n\t\t\t\t\t\t<\/div>\n\t\t\t\t<\/div>\n\t\t\t\t<div class=\"elementor-element elementor-element-9768fd4 elementor-widget elementor-widget-heading\" data-id=\"9768fd4\" data-element_type=\"widget\" data-widget_type=\"heading.default\">\n\t\t\t\t<div class=\"elementor-widget-container\">\n\t\t\t\t\t<h4 class=\"elementor-heading-title elementor-size-default\">Sales and Marketing<\/h4>\t\t\t\t<\/div>\n\t\t\t\t<\/div>\n\t\t\t\t<div class=\"elementor-element elementor-element-aa295b8 elementor-widget elementor-widget-text-editor\" data-id=\"aa295b8\" data-element_type=\"widget\" data-widget_type=\"text-editor.default\">\n\t\t\t\t<div class=\"elementor-widget-container\">\n\t\t\t\t\t\t\t\t\tOur sales and marketing team creates effective strategies to enhance the visibility and attractiveness of your projects. We execute targeted campaigns to draw in potential buyers, ensuring the profitability and return on investment of your real estate project.\t\t\t\t\t\t\t\t<\/div>\n\t\t\t\t<\/div>\n\t\t\t\t<\/div>\n\t\t\t\t\t<\/div>\n\t\t\t\t<\/div>\n\t\t\t\t\t<\/div>\n\t\t\t\t<\/div>\n\t\t<div class=\"elementor-element elementor-element-1b2839b e-flex e-con-boxed elementor-invisible e-con e-parent\" data-id=\"1b2839b\" data-element_type=\"container\" data-settings=\"{&quot;background_background&quot;:&quot;classic&quot;,&quot;animation&quot;:&quot;fadeInUp&quot;}\">\n\t\t\t\t\t<div class=\"e-con-inner\">\n\t\t\t\t<div class=\"elementor-element elementor-element-855b4d7 elementor-tablet-align-center elementor-mobile-align-center elementor-align-center elementor-widget elementor-widget-raven-heading\" data-id=\"855b4d7\" data-element_type=\"widget\" data-widget_type=\"raven-heading.default\">\n\t\t\t\t<div class=\"elementor-widget-container\">\n\t\t\t\t\t\t\t<div class=\"raven-widget-wrapper\"><h2 class=\"raven-heading raven-heading-h2\"><span class=\"raven-heading-title\">Working Together<\/span><\/h2><\/div>\r\n\t\t\t\t\t\t<\/div>\n\t\t\t\t<\/div>\n\t\t\t\t<div class=\"elementor-element elementor-element-c31c28b elementor-tablet-align-center elementor-mobile-align-center elementor-align-center elementor-widget elementor-widget-raven-heading\" data-id=\"c31c28b\" data-element_type=\"widget\" data-widget_type=\"raven-heading.default\">\n\t\t\t\t<div class=\"elementor-widget-container\">\n\t\t\t\t\t\t\t<div class=\"raven-widget-wrapper\"><h3 class=\"raven-heading raven-heading-h3\"><span class=\"raven-heading-title\"><span class=\"raven-heading-title-inner elementor-inline-editing\" data-text=\"vos projets\" data-elementor-setting-key=\"title\">on Your Projects<\/span><\/span><\/h3><\/div>\r\n\t\t\t\t\t\t<\/div>\n\t\t\t\t<\/div>\n\t\t\t\t<div class=\"elementor-element elementor-element-0cf82a9 elementor-widget elementor-widget-text-editor\" data-id=\"0cf82a9\" data-element_type=\"widget\" data-widget_type=\"text-editor.default\">\n\t\t\t\t<div class=\"elementor-widget-container\">\n\t\t\t\t\t\t\t\t\tChagall is recognized for its expertise in the construction and project management sectors, enhancing our service offerings with an approach that integrates innovation, sustainability, and design. \t\t\t\t\t\t\t\t<\/div>\n\t\t\t\t<\/div>\n\t\t\t\t<div data-color=\"#F3A73A,#BD692C,#F3A73A,#BD692C\" class=\"elementor-element elementor-element-9ef63bb raven-animated-gradient-yes elementor-align-center elementor-invisible elementor-widget elementor-widget-raven-button\" data-id=\"9ef63bb\" data-element_type=\"widget\" data-settings=\"{&quot;_animation&quot;:&quot;zoomInLeft&quot;,&quot;turn_to_popup_action_button&quot;:&quot;no&quot;}\" data-widget_type=\"raven-button.default\">\n\t\t\t\t<div class=\"elementor-widget-container\">\n\t\t\t\t\t\t\t<div class=\"raven-widget-wrapper\">\r\n\t\t\t<a class=\"raven-button raven-button-widget-normal-effect-none elementor-button raven-button-text-align-center raven-button-link elementor-animation-none\" href=\"https:\/\/chagall.ca\/\" target=\"_blank\">\t\t\t\t<div class=\"raven-button-overlay\" data-background-size=\"300% 100%\" data-animation-name=\"AnimatedGradientBgLeft\" data-angle=\"90deg\" data-speed=\"3s\" data-color=\"#F3A73A,#BD692C,#F3A73A,#BD692C\" style=\"background-image : linear-gradient( 90deg,#F3A73A,#BD692C,#F3A73A,#BD692C );animation-duration: 3s;animation-name: AnimatedGradientBgLeft;background-size: 300% 100%;\"><\/div>\r\n\t\t\t\t<span class=\"raven-button-content\">\r\n\t\t\t\t\t\r\n\t\t\t\t\t<div class=\"button-text-container\">\r\n\t\t\t\t\t\t\t\t\t\t\t\t<div class=\"raven-button-texts-wrapper\">\r\n\t\t\t\t\t\t\t<div class=\"button-text\">\r\n\t\t\t\t\t\t\t\t<span class=\"raven-button-text\">\r\n\t\t\t\t\t\t\t\t\tLearn More About Chagall\t\t\t\t\t\t\t\t<\/span>\r\n\t\t\t\t\t\t\t<\/div>\r\n\t\t\t\t\t\t\t\t\t\t\t\t\t<\/div>\r\n\t\t\t\t\t\t\t\t\t\t\t<\/div>\r\n\t\t\t\t\t\r\n\t\t\t\t\t\t\t\t\t<\/span>\r\n\t\t\t<\/a>\t\t<\/div>\r\n\t\t\t\t\t\t<\/div>\n\t\t\t\t<\/div>\n\t\t\t\t\t<\/div>\n\t\t\t\t<\/div>\n\t\t\t\t<\/div>","protected":false},"excerpt":{"rendered":"<p>Services Prise en charge 360\u00b0 Chez IDA, nous sculptons vos projets immobiliers, r\u00e9sidentiels et commerciaux, avec une pr\u00e9cision artistique. Notre approche 360\u00b0 englobe tout, de l\u2019id\u00e9ation \u00e0 la construction, jusqu\u2019\u00e0 la mise en march\u00e9, pour garantir un succ\u00e8s \u00e9clatant et durable. Gestion Nous prenons en main la gestion de votre projet d\u00e8s la consultation initiale. [&hellip;]<\/p>","protected":false},"author":2,"featured_media":0,"parent":0,"menu_order":0,"comment_status":"closed","ping_status":"closed","template":"full-width.php","meta":{"_acf_changed":false,"footnotes":""},"class_list":["post-584","page","type-page","status-publish","hentry"],"acf":[],"yoast_head":"<!-- This site is optimized with the Yoast SEO plugin v25.7 - https:\/\/yoast.com\/wordpress\/plugins\/seo\/ -->\n<title>Services - IDA D\u00e9veloppement | Gestion de projets immobiliers | Cl\u00e9s en main 360\u00b0<\/title>\n<meta name=\"description\" content=\"Chez IDA, notre approche 360\u00b0 englobe vos projets immobiliers de l\u2019id\u00e9ation \u00e0 la construction, jusqu\u2019\u00e0 la mise en march\u00e9!\" \/>\n<meta name=\"robots\" content=\"index, follow, max-snippet:-1, max-image-preview:large, max-video-preview:-1\" \/>\n<link rel=\"canonical\" href=\"https:\/\/idadev.ca\/en\/services\/\" \/>\n<meta property=\"og:locale\" content=\"en_US\" \/>\n<meta property=\"og:type\" content=\"article\" \/>\n<meta property=\"og:title\" content=\"Services - IDA D\u00e9veloppement | Gestion de projets immobiliers | Cl\u00e9s en main 360\u00b0\" \/>\n<meta property=\"og:description\" content=\"Chez IDA, notre approche 360\u00b0 englobe vos projets immobiliers de l\u2019id\u00e9ation \u00e0 la construction, jusqu\u2019\u00e0 la mise en march\u00e9!\" \/>\n<meta property=\"og:url\" content=\"https:\/\/idadev.ca\/en\/services\/\" \/>\n<meta property=\"og:site_name\" content=\"IDA D\u00e9veloppement\" \/>\n<meta property=\"article:modified_time\" content=\"2025-03-27T15:03:18+00:00\" \/>\n<meta name=\"twitter:card\" content=\"summary_large_image\" \/>\n<meta name=\"twitter:label1\" content=\"Est. reading time\" \/>\n\t<meta name=\"twitter:data1\" content=\"2 minutes\" \/>\n<script type=\"application\/ld+json\" class=\"yoast-schema-graph\">{\"@context\":\"https:\/\/schema.org\",\"@graph\":[{\"@type\":\"WebPage\",\"@id\":\"https:\/\/idadev.ca\/services\/\",\"url\":\"https:\/\/idadev.ca\/services\/\",\"name\":\"Services - IDA D\u00e9veloppement | Gestion de projets immobiliers | Cl\u00e9s en main 360\u00b0\",\"isPartOf\":{\"@id\":\"https:\/\/idadev.ca\/#website\"},\"datePublished\":\"2024-07-05T16:26:46+00:00\",\"dateModified\":\"2025-03-27T15:03:18+00:00\",\"description\":\"Chez IDA, notre approche 360\u00b0 englobe vos projets immobiliers de l\u2019id\u00e9ation \u00e0 la construction, jusqu\u2019\u00e0 la mise en march\u00e9!\",\"breadcrumb\":{\"@id\":\"https:\/\/idadev.ca\/services\/#breadcrumb\"},\"inLanguage\":\"en-CA\",\"potentialAction\":[{\"@type\":\"ReadAction\",\"target\":[\"https:\/\/idadev.ca\/services\/\"]}]},{\"@type\":\"BreadcrumbList\",\"@id\":\"https:\/\/idadev.ca\/services\/#breadcrumb\",\"itemListElement\":[{\"@type\":\"ListItem\",\"position\":1,\"name\":\"Home\",\"item\":\"https:\/\/idadev.ca\/\"},{\"@type\":\"ListItem\",\"position\":2,\"name\":\"Services\"}]},{\"@type\":\"WebSite\",\"@id\":\"https:\/\/idadev.ca\/#website\",\"url\":\"https:\/\/idadev.ca\/\",\"name\":\"IDA D\u00e9veloppement\",\"description\":\"L\u2019art du d\u00e9veloppement immobilier\",\"publisher\":{\"@id\":\"https:\/\/idadev.ca\/#organization\"},\"potentialAction\":[{\"@type\":\"SearchAction\",\"target\":{\"@type\":\"EntryPoint\",\"urlTemplate\":\"https:\/\/idadev.ca\/?s={search_term_string}\"},\"query-input\":{\"@type\":\"PropertyValueSpecification\",\"valueRequired\":true,\"valueName\":\"search_term_string\"}}],\"inLanguage\":\"en-CA\"},{\"@type\":\"Organization\",\"@id\":\"https:\/\/idadev.ca\/#organization\",\"name\":\"IDA D\u00e9veloppement\",\"url\":\"https:\/\/idadev.ca\/\",\"logo\":{\"@type\":\"ImageObject\",\"inLanguage\":\"en-CA\",\"@id\":\"https:\/\/idadev.ca\/#\/schema\/logo\/image\/\",\"url\":\"https:\/\/idadev.ca\/wp-content\/uploads\/2024\/04\/Logo-IDA-noir.svg\",\"contentUrl\":\"https:\/\/idadev.ca\/wp-content\/uploads\/2024\/04\/Logo-IDA-noir.svg\",\"width\":1800,\"height\":1080,\"caption\":\"IDA D\u00e9veloppement\"},\"image\":{\"@id\":\"https:\/\/idadev.ca\/#\/schema\/logo\/image\/\"}}]}<\/script>\n<!-- \/ Yoast SEO plugin. -->","yoast_head_json":{"title":"Services - IDA D\u00e9veloppement | Gestion de projets immobiliers | Cl\u00e9s en main 360\u00b0","description":"Chez IDA, notre approche 360\u00b0 englobe vos projets immobiliers de l\u2019id\u00e9ation \u00e0 la construction, jusqu\u2019\u00e0 la mise en march\u00e9!","robots":{"index":"index","follow":"follow","max-snippet":"max-snippet:-1","max-image-preview":"max-image-preview:large","max-video-preview":"max-video-preview:-1"},"canonical":"https:\/\/idadev.ca\/en\/services\/","og_locale":"en_US","og_type":"article","og_title":"Services - IDA D\u00e9veloppement | Gestion de projets immobiliers | Cl\u00e9s en main 360\u00b0","og_description":"Chez IDA, notre approche 360\u00b0 englobe vos projets immobiliers de l\u2019id\u00e9ation \u00e0 la construction, jusqu\u2019\u00e0 la mise en march\u00e9!","og_url":"https:\/\/idadev.ca\/en\/services\/","og_site_name":"IDA D\u00e9veloppement","article_modified_time":"2025-03-27T15:03:18+00:00","twitter_card":"summary_large_image","twitter_misc":{"Est. reading time":"2 minutes"},"schema":{"@context":"https:\/\/schema.org","@graph":[{"@type":"WebPage","@id":"https:\/\/idadev.ca\/services\/","url":"https:\/\/idadev.ca\/services\/","name":"Services - IDA D\u00e9veloppement | Gestion de projets immobiliers | Cl\u00e9s en main 360\u00b0","isPartOf":{"@id":"https:\/\/idadev.ca\/#website"},"datePublished":"2024-07-05T16:26:46+00:00","dateModified":"2025-03-27T15:03:18+00:00","description":"Chez IDA, notre approche 360\u00b0 englobe vos projets immobiliers de l\u2019id\u00e9ation \u00e0 la construction, jusqu\u2019\u00e0 la mise en march\u00e9!","breadcrumb":{"@id":"https:\/\/idadev.ca\/services\/#breadcrumb"},"inLanguage":"en-CA","potentialAction":[{"@type":"ReadAction","target":["https:\/\/idadev.ca\/services\/"]}]},{"@type":"BreadcrumbList","@id":"https:\/\/idadev.ca\/services\/#breadcrumb","itemListElement":[{"@type":"ListItem","position":1,"name":"Home","item":"https:\/\/idadev.ca\/"},{"@type":"ListItem","position":2,"name":"Services"}]},{"@type":"WebSite","@id":"https:\/\/idadev.ca\/#website","url":"https:\/\/idadev.ca\/","name":"IDA Development","description":"The Art of Real Estate Development","publisher":{"@id":"https:\/\/idadev.ca\/#organization"},"potentialAction":[{"@type":"SearchAction","target":{"@type":"EntryPoint","urlTemplate":"https:\/\/idadev.ca\/?s={search_term_string}"},"query-input":{"@type":"PropertyValueSpecification","valueRequired":true,"valueName":"search_term_string"}}],"inLanguage":"en-CA"},{"@type":"Organization","@id":"https:\/\/idadev.ca\/#organization","name":"IDA Development","url":"https:\/\/idadev.ca\/","logo":{"@type":"ImageObject","inLanguage":"en-CA","@id":"https:\/\/idadev.ca\/#\/schema\/logo\/image\/","url":"https:\/\/idadev.ca\/wp-content\/uploads\/2024\/04\/Logo-IDA-noir.svg","contentUrl":"https:\/\/idadev.ca\/wp-content\/uploads\/2024\/04\/Logo-IDA-noir.svg","width":1800,"height":1080,"caption":"IDA D\u00e9veloppement"},"image":{"@id":"https:\/\/idadev.ca\/#\/schema\/logo\/image\/"}}]}},"_links":{"self":[{"href":"https:\/\/idadev.ca\/en\/wp-json\/wp\/v2\/pages\/584","targetHints":{"allow":["GET"]}}],"collection":[{"href":"https:\/\/idadev.ca\/en\/wp-json\/wp\/v2\/pages"}],"about":[{"href":"https:\/\/idadev.ca\/en\/wp-json\/wp\/v2\/types\/page"}],"author":[{"embeddable":true,"href":"https:\/\/idadev.ca\/en\/wp-json\/wp\/v2\/users\/2"}],"replies":[{"embeddable":true,"href":"https:\/\/idadev.ca\/en\/wp-json\/wp\/v2\/comments?post=584"}],"version-history":[{"count":0,"href":"https:\/\/idadev.ca\/en\/wp-json\/wp\/v2\/pages\/584\/revisions"}],"wp:attachment":[{"href":"https:\/\/idadev.ca\/en\/wp-json\/wp\/v2\/media?parent=584"}],"curies":[{"name":"wp","href":"https:\/\/api.w.org\/{rel}","templated":true}]}}