{"id":843,"date":"2024-07-25T15:15:25","date_gmt":"2024-07-25T15:15:25","guid":{"rendered":"https:\/\/idadev.ca\/?page_id=843"},"modified":"2025-04-10T13:16:52","modified_gmt":"2025-04-10T13:16:52","slug":"politique-de-confidentialite","status":"publish","type":"page","link":"https:\/\/idadev.ca\/en\/politique-de-confidentialite\/","title":{"rendered":"Privacy Policy"},"content":{"rendered":"<div data-elementor-type=\"wp-page\" data-elementor-id=\"843\" class=\"elementor elementor-843\" data-elementor-post-type=\"page\">\n\t\t\t\t<div class=\"elementor-element elementor-element-6dffcc2 e-con-full e-flex e-con e-parent\" data-id=\"6dffcc2\" data-element_type=\"container\">\n\t\t<div class=\"elementor-element elementor-element-161cac8 e-con-full e-flex e-con e-child\" data-id=\"161cac8\" data-element_type=\"container\" data-settings=\"{&quot;background_background&quot;:&quot;classic&quot;}\">\n\t\t<div class=\"elementor-element elementor-element-1dfc98e e-flex e-con-boxed e-con e-child\" data-id=\"1dfc98e\" data-element_type=\"container\">\n\t\t\t\t\t<div class=\"e-con-inner\">\n\t\t\t\t<div class=\"elementor-element elementor-element-8e737bb elementor-widget elementor-widget-heading\" data-id=\"8e737bb\" data-element_type=\"widget\" data-widget_type=\"heading.default\">\n\t\t\t\t<div class=\"elementor-widget-container\">\n\t\t\t\t\t<h1 class=\"elementor-heading-title elementor-size-default\">Privacy Policy<\/h1>\t\t\t\t<\/div>\n\t\t\t\t<\/div>\n\t\t\t\t\t<\/div>\n\t\t\t\t<\/div>\n\t\t\t\t<\/div>\n\t\t\t\t<\/div>\n\t\t<div class=\"elementor-element elementor-element-54b541de e-flex e-con-boxed e-con e-parent\" data-id=\"54b541de\" data-element_type=\"container\">\n\t\t\t\t\t<div class=\"e-con-inner\">\n\t\t\t\t<div class=\"elementor-element elementor-element-30879591 elementor-widget elementor-widget-text-editor\" data-id=\"30879591\" data-element_type=\"widget\" data-widget_type=\"text-editor.default\">\n\t\t\t\t<div class=\"elementor-widget-container\">\n\t\t\t\t\t\t\t\t\t<p><\/p>\n<p>\u00a0<\/p>\n<p><\/p>\n<p><\/p>\n<p><\/p>\n<p><\/p>\n<p><strong>PERSONAL INFORMATION PROTECTION OFFICER<\/strong><\/p>\n<p><\/p>\n<p><\/p>\n<p>In accordance with Section 3.1 of the Act Respecting the Protection of Personal Information in the Private Sector (chapter P-39.1), here is the name, title, and contact information of the individual assuming the role of Personal Information Protection Officer:<\/p>\n<p><\/p>\n<p><!-- \/wp:list --><\/p>\n<p><!-- wp:paragraph --><\/p>\n<p>IDA Development<br \/>2051 Rue L\u00e9onard-de-Vinci, Sainte-Julie, QC J3E 1Z2<br \/><a>medumont@groupechagall.ca.<\/a><br \/>1 800 871-7118<\/p>\n<p><!-- \/wp:paragraph --><\/p>\n<p><!-- wp:paragraph --><\/p>\n<p><strong>PRIVACY POLICY<\/strong><br \/>IDA D\u00e9veloppement is committed to respecting the personal information you entrust to us. The protection of your privacy and the security of your personal data are taken seriously, and IDA D\u00e9veloppement is committed to protecting your rights in accordance with the law. Below is a summary of the Privacy Policy (hereinafter referred to as the \u201cPolicy\u201d).<\/p>\n<p><!-- \/wp:paragraph --><\/p>\n<p><!-- wp:paragraph --><\/p>\n<p>The following principles apply to the collection and use of your personal information:<\/p>\n<p><!-- \/wp:paragraph --><\/p>\n<p><!-- wp:list {\"ordered\":true} --><\/p>\n<ol class=\"wp-block-list\">\n<li style=\"list-style-type: none;\">\n<ol class=\"wp-block-list\"><!-- wp:list-item --><\/ol>\n<\/li>\n<\/ol>\n<p>\u00a0<\/p>\n<ol class=\"wp-block-list\">\n<li style=\"list-style-type: none;\">\n<ol class=\"wp-block-list\">\n<li>Personal information is collected with your explicit consent.<\/li>\n<\/ol>\n<\/li>\n<\/ol>\n<p><!-- \/wp:list-item --><\/p>\n<p><!-- wp:list-item --><\/p>\n<ol class=\"wp-block-list\">\n<li style=\"list-style-type: none;\">\n<ol class=\"wp-block-list\">\n<li>Information is kept strictly confidential.<\/li>\n<\/ol>\n<\/li>\n<\/ol>\n<p><!-- \/wp:list-item --><\/p>\n<p><!-- wp:list-item --><\/p>\n<ol class=\"wp-block-list\">\n<li style=\"list-style-type: none;\">\n<ol class=\"wp-block-list\">\n<li>Personal information is used solely for the purposes for which it was collected.<br \/>IDA D\u00e9veloppement retains clients\u2019 personal information for a period reasonably necessary to fulfill the purposes for which it was collected or to comply with legal requirements.<\/li>\n<\/ol>\n<\/li>\n<\/ol>\n<p><!-- \/wp:list-item --><\/p>\n<p><!-- \/wp:list --><\/p>\n<p><!-- wp:paragraph --><\/p>\n<p><strong>Retention Period:<\/strong><br \/>IDA D\u00e9veloppement reserves the right to close a Client\u2019s or Prospect\u2019s file if no administrative action has been taken for a consecutive period of at least three (3) years. In the event of a file being closed for a Client or Prospect, the personal information it contains will be destroyed or anonymized after a period of 7 years following the file\u2019s closure date.<\/p>\n<p><!-- \/wp:paragraph --><\/p>\n<p><!-- wp:paragraph --><\/p>\n<p>The information collected will be used if you voluntarily provide it directly on the website through the following means:<\/p>\n<p><!-- \/wp:paragraph --><\/p>\n<p><!-- wp:list --><\/p>\n<ul class=\"wp-block-list\">\n<li style=\"list-style-type: none;\">\n<ul class=\"wp-block-list\"><!-- wp:list-item --><\/ul>\n<\/li>\n<\/ul>\n<p>\u00a0<\/p>\n<ul class=\"wp-block-list\">\n<li style=\"list-style-type: none;\">\n<ul class=\"wp-block-list\">\n<li>By completing the information form to request a meeting with IDA D\u00e9veloppement. This form may include: your first and last name, your home or other physical address, your email address, your phone number, as well as information and characteristics related to a potential property for sale.<\/li>\n<\/ul>\n<\/li>\n<\/ul>\n<p><!-- \/wp:list-item --><\/p>\n<p><!-- wp:list-item --><\/p>\n<ul class=\"wp-block-list\">\n<li style=\"list-style-type: none;\">\n<ul class=\"wp-block-list\">\n<li>By contacting us directly via a contact form available on the website. This form may require: your first and last name, your email address, and your phone number.<\/li>\n<\/ul>\n<\/li>\n<\/ul>\n<p><!-- \/wp:list-item --><\/p>\n<p><!-- wp:list-item --><\/p>\n<ul class=\"wp-block-list\">\n<li style=\"list-style-type: none;\">\n<ul class=\"wp-block-list\">\n<li>By completing the client form. This form may collect information such as: your first and last name, your home or other physical address, your email address, your phone number, as well as details and characteristics of a potential property for sale.<\/li>\n<\/ul>\n<\/li>\n<\/ul>\n<p><!-- \/wp:list-item --><\/p>\n<p><!-- wp:list-item --><\/p>\n<ul class=\"wp-block-list\">\n<li style=\"list-style-type: none;\">\n<ul class=\"wp-block-list\">\n<li>By participating in contests or prize draws.<\/li>\n<\/ul>\n<\/li>\n<\/ul>\n<p><!-- \/wp:list-item --><\/p>\n<p><!-- \/wp:list --><\/p>\n<p><!-- wp:paragraph --><\/p>\n<p>Access to your personal information is strictly limited to authorized individuals who need it to perform their duties. Your personal information may also be disclosed to government authorities or other authorized individuals in accordance with applicable laws, both in Canada and abroad.<br \/>Except where otherwise stated regarding cookies and other trackers, IDA D\u00e9veloppement does not collect personal information during simple browsing of the Site. Non-personal information, such as domain and IP address, browser type, and operating system used, is collected automatically for statistical purposes to help continuously improve the site.<\/p>\n<p><!-- \/wp:paragraph --><\/p>\n<p><!-- wp:paragraph --><\/p>\n<p>Your personal information will never be shared with third parties for their marketing or solicitation purposes.<\/p>\n<p><!-- \/wp:paragraph --><\/p>\n<p><!-- wp:paragraph --><\/p>\n<p><strong>ACCESS REQUEST PROCEDURE:<\/strong><\/p>\n<p><!-- \/wp:paragraph --><\/p>\n<p><!-- wp:paragraph --><\/p>\n<p>Individuals have the right to request and receive information about the personal data IDA D\u00e9veloppement holds about them, the purpose for which it is used, and to whom it may have been disclosed. Individuals may also request correction of any inaccurate or incomplete personal information, or request the deletion of their data.<\/p>\n<p><!-- \/wp:paragraph --><\/p>\n<p><!-- wp:paragraph --><\/p>\n<p>To access your personal information, please send a written request to the Personal Information Protection Officer at the following email address:\u00a0<a>medumont@groupechagall.ca.<\/a>The written request must provide sufficient details to identify and locate the information. Proof of identity may be required to ensure the protection of your personal information.<\/p>\n<p><!-- \/wp:paragraph --><\/p>\n<p><!-- wp:paragraph --><\/p>\n<p>For any questions, concerns, or complaints regarding your personal information, this Policy, or privacy practices:<\/p>\n<p><!-- \/wp:paragraph --><\/p>\n<p><!-- wp:paragraph --><\/p>\n<p><strong>Personal Information Protection Officer:<\/strong><\/p>\n<p><!-- \/wp:paragraph --><\/p>\n<p><!-- wp:paragraph --><\/p>\n<p>Marie \u00c8ve Dumont, Groupe Chagall<br \/>2051 Rue L\u00e9onard-de-Vinci, Sainte-Julie, QC J3E 1Z2<br \/><a>medumont@groupechagall.ca.<\/a><\/p>\n<p><!-- \/wp:paragraph --><\/p>\n<p><!-- wp:paragraph --><\/p>\n<p><strong>DEFINITION:<\/strong><br \/>\u201cPersonal information\u201d refers to data collected about you or third parties that, alone or combined with other data, can identify an individual. This may include your name, email address, online identifier, or other similar information.<\/p>\n<p><!-- \/wp:paragraph --><\/p>\t\t\t\t\t\t\t\t<\/div>\n\t\t\t\t<\/div>\n\t\t\t\t\t<\/div>\n\t\t\t\t<\/div>\n\t\t\t\t<\/div>","protected":false},"excerpt":{"rendered":"<p>Politique de confidentialit\u00e9 \u00a0 RESPONSABLE DE LA PROTECTION DES RENSEIGNEMENTS PERSONNELS Conform\u00e9ment \u00e0 l\u2019article 3.1 de la Loi sur la protection des renseignements personnels dans le secteur priv\u00e9 (chapitre P-39.1), voici le nom, le titre et les coordonn\u00e9es de la personne assumant la fonction de responsable de la protection des renseignements personnels : IDA D\u00e9veloppement2051 [&hellip;]<\/p>","protected":false},"author":2,"featured_media":0,"parent":0,"menu_order":0,"comment_status":"closed","ping_status":"closed","template":"elementor_canvas","meta":{"_acf_changed":false,"footnotes":""},"class_list":["post-843","page","type-page","status-publish","hentry"],"acf":[],"yoast_head":"<!-- This site is optimized with the Yoast SEO plugin v25.7 - https:\/\/yoast.com\/wordpress\/plugins\/seo\/ -->\n<title>Politique de confidentialit\u00e9 - IDA D\u00e9veloppement<\/title>\n<meta name=\"description\" content=\"Politique de confidentialit\u00e9 de IDA D\u00e9veloppement\" \/>\n<meta name=\"robots\" content=\"index, follow, max-snippet:-1, max-image-preview:large, max-video-preview:-1\" \/>\n<link rel=\"canonical\" href=\"https:\/\/idadev.ca\/en\/politique-de-confidentialite\/\" \/>\n<meta property=\"og:locale\" content=\"en_US\" \/>\n<meta property=\"og:type\" content=\"article\" \/>\n<meta property=\"og:title\" content=\"Politique de confidentialit\u00e9 - IDA D\u00e9veloppement\" \/>\n<meta property=\"og:description\" content=\"Politique de confidentialit\u00e9 de IDA D\u00e9veloppement\" \/>\n<meta property=\"og:url\" content=\"https:\/\/idadev.ca\/en\/politique-de-confidentialite\/\" \/>\n<meta property=\"og:site_name\" content=\"IDA D\u00e9veloppement\" \/>\n<meta property=\"article:modified_time\" content=\"2025-04-10T13:16:52+00:00\" \/>\n<meta name=\"twitter:card\" content=\"summary_large_image\" \/>\n<meta name=\"twitter:label1\" content=\"Est. reading time\" \/>\n\t<meta name=\"twitter:data1\" content=\"4 minutes\" \/>\n<script type=\"application\/ld+json\" class=\"yoast-schema-graph\">{\"@context\":\"https:\/\/schema.org\",\"@graph\":[{\"@type\":\"WebPage\",\"@id\":\"https:\/\/idadev.ca\/politique-de-confidentialite\/\",\"url\":\"https:\/\/idadev.ca\/politique-de-confidentialite\/\",\"name\":\"Politique de confidentialit\u00e9 - IDA D\u00e9veloppement\",\"isPartOf\":{\"@id\":\"https:\/\/idadev.ca\/#website\"},\"datePublished\":\"2024-07-25T15:15:25+00:00\",\"dateModified\":\"2025-04-10T13:16:52+00:00\",\"description\":\"Politique de confidentialit\u00e9 de IDA D\u00e9veloppement\",\"breadcrumb\":{\"@id\":\"https:\/\/idadev.ca\/politique-de-confidentialite\/#breadcrumb\"},\"inLanguage\":\"en-CA\",\"potentialAction\":[{\"@type\":\"ReadAction\",\"target\":[\"https:\/\/idadev.ca\/politique-de-confidentialite\/\"]}]},{\"@type\":\"BreadcrumbList\",\"@id\":\"https:\/\/idadev.ca\/politique-de-confidentialite\/#breadcrumb\",\"itemListElement\":[{\"@type\":\"ListItem\",\"position\":1,\"name\":\"Home\",\"item\":\"https:\/\/idadev.ca\/\"},{\"@type\":\"ListItem\",\"position\":2,\"name\":\"Politique de confidentialit\u00e9\"}]},{\"@type\":\"WebSite\",\"@id\":\"https:\/\/idadev.ca\/#website\",\"url\":\"https:\/\/idadev.ca\/\",\"name\":\"IDA D\u00e9veloppement\",\"description\":\"L\u2019art du d\u00e9veloppement immobilier\",\"publisher\":{\"@id\":\"https:\/\/idadev.ca\/#organization\"},\"potentialAction\":[{\"@type\":\"SearchAction\",\"target\":{\"@type\":\"EntryPoint\",\"urlTemplate\":\"https:\/\/idadev.ca\/?s={search_term_string}\"},\"query-input\":{\"@type\":\"PropertyValueSpecification\",\"valueRequired\":true,\"valueName\":\"search_term_string\"}}],\"inLanguage\":\"en-CA\"},{\"@type\":\"Organization\",\"@id\":\"https:\/\/idadev.ca\/#organization\",\"name\":\"IDA D\u00e9veloppement\",\"url\":\"https:\/\/idadev.ca\/\",\"logo\":{\"@type\":\"ImageObject\",\"inLanguage\":\"en-CA\",\"@id\":\"https:\/\/idadev.ca\/#\/schema\/logo\/image\/\",\"url\":\"https:\/\/idadev.ca\/wp-content\/uploads\/2024\/04\/Logo-IDA-noir.svg\",\"contentUrl\":\"https:\/\/idadev.ca\/wp-content\/uploads\/2024\/04\/Logo-IDA-noir.svg\",\"width\":1800,\"height\":1080,\"caption\":\"IDA D\u00e9veloppement\"},\"image\":{\"@id\":\"https:\/\/idadev.ca\/#\/schema\/logo\/image\/\"}}]}<\/script>\n<!-- \/ Yoast SEO plugin. -->","yoast_head_json":{"title":"Politique de confidentialit\u00e9 - IDA D\u00e9veloppement","description":"Politique de confidentialit\u00e9 de IDA D\u00e9veloppement","robots":{"index":"index","follow":"follow","max-snippet":"max-snippet:-1","max-image-preview":"max-image-preview:large","max-video-preview":"max-video-preview:-1"},"canonical":"https:\/\/idadev.ca\/en\/politique-de-confidentialite\/","og_locale":"en_US","og_type":"article","og_title":"Politique de confidentialit\u00e9 - IDA D\u00e9veloppement","og_description":"Politique de confidentialit\u00e9 de IDA D\u00e9veloppement","og_url":"https:\/\/idadev.ca\/en\/politique-de-confidentialite\/","og_site_name":"IDA D\u00e9veloppement","article_modified_time":"2025-04-10T13:16:52+00:00","twitter_card":"summary_large_image","twitter_misc":{"Est. reading time":"4 minutes"},"schema":{"@context":"https:\/\/schema.org","@graph":[{"@type":"WebPage","@id":"https:\/\/idadev.ca\/politique-de-confidentialite\/","url":"https:\/\/idadev.ca\/politique-de-confidentialite\/","name":"Politique de confidentialit\u00e9 - IDA D\u00e9veloppement","isPartOf":{"@id":"https:\/\/idadev.ca\/#website"},"datePublished":"2024-07-25T15:15:25+00:00","dateModified":"2025-04-10T13:16:52+00:00","description":"Politique de confidentialit\u00e9 de IDA D\u00e9veloppement","breadcrumb":{"@id":"https:\/\/idadev.ca\/politique-de-confidentialite\/#breadcrumb"},"inLanguage":"en-CA","potentialAction":[{"@type":"ReadAction","target":["https:\/\/idadev.ca\/politique-de-confidentialite\/"]}]},{"@type":"BreadcrumbList","@id":"https:\/\/idadev.ca\/politique-de-confidentialite\/#breadcrumb","itemListElement":[{"@type":"ListItem","position":1,"name":"Home","item":"https:\/\/idadev.ca\/"},{"@type":"ListItem","position":2,"name":"Politique de confidentialit\u00e9"}]},{"@type":"WebSite","@id":"https:\/\/idadev.ca\/#website","url":"https:\/\/idadev.ca\/","name":"IDA Development","description":"The Art of Real Estate Development","publisher":{"@id":"https:\/\/idadev.ca\/#organization"},"potentialAction":[{"@type":"SearchAction","target":{"@type":"EntryPoint","urlTemplate":"https:\/\/idadev.ca\/?s={search_term_string}"},"query-input":{"@type":"PropertyValueSpecification","valueRequired":true,"valueName":"search_term_string"}}],"inLanguage":"en-CA"},{"@type":"Organization","@id":"https:\/\/idadev.ca\/#organization","name":"IDA Development","url":"https:\/\/idadev.ca\/","logo":{"@type":"ImageObject","inLanguage":"en-CA","@id":"https:\/\/idadev.ca\/#\/schema\/logo\/image\/","url":"https:\/\/idadev.ca\/wp-content\/uploads\/2024\/04\/Logo-IDA-noir.svg","contentUrl":"https:\/\/idadev.ca\/wp-content\/uploads\/2024\/04\/Logo-IDA-noir.svg","width":1800,"height":1080,"caption":"IDA D\u00e9veloppement"},"image":{"@id":"https:\/\/idadev.ca\/#\/schema\/logo\/image\/"}}]}},"_links":{"self":[{"href":"https:\/\/idadev.ca\/en\/wp-json\/wp\/v2\/pages\/843","targetHints":{"allow":["GET"]}}],"collection":[{"href":"https:\/\/idadev.ca\/en\/wp-json\/wp\/v2\/pages"}],"about":[{"href":"https:\/\/idadev.ca\/en\/wp-json\/wp\/v2\/types\/page"}],"author":[{"embeddable":true,"href":"https:\/\/idadev.ca\/en\/wp-json\/wp\/v2\/users\/2"}],"replies":[{"embeddable":true,"href":"https:\/\/idadev.ca\/en\/wp-json\/wp\/v2\/comments?post=843"}],"version-history":[{"count":0,"href":"https:\/\/idadev.ca\/en\/wp-json\/wp\/v2\/pages\/843\/revisions"}],"wp:attachment":[{"href":"https:\/\/idadev.ca\/en\/wp-json\/wp\/v2\/media?parent=843"}],"curies":[{"name":"wp","href":"https:\/\/api.w.org\/{rel}","templated":true}]}}